{"id":34164,"date":"2025-06-30T19:48:45","date_gmt":"2025-06-30T11:48:45","guid":{"rendered":"http:\/\/45.63.70.205\/?post_type=product&#038;p=34164"},"modified":"2025-07-07T15:17:50","modified_gmt":"2025-07-07T07:17:50","slug":"red-and-green-pencil-cases-vibrant-colors-with-humorous-messages-for-teens-and-adults","status":"publish","type":"product","link":"http:\/\/shinyyoustationery.com\/es\/red-and-green-pencil-cases-vibrant-colors-with-humorous-messages-for-teens-and-adults\/","title":{"rendered":"Estuches de l\u00e1pices rojos y verdes - Colores vibrantes con mensajes humor\u00edsticos para adolescentes y adultos"},"content":{"rendered":"","protected":false},"excerpt":{"rendered":"<p>A\u00f1ade personalidad a tu escritorio con nuestros estuches para l\u00e1pices Arts &amp; Crafts en colores atrevidos como el verde y el rojo. Con mensajes divertidos como \"You've got the WRITE stuff\" y \"Find your own pen\", estos estuches son perfectos para quienes aprecian el humor en sus \u00fatiles diarios. Ideales para estudiantes, profesores o cualquiera a quien le guste tener sus bol\u00edgrafos y l\u00e1pices organizados con un toque divertido.<\/p>","protected":false},"featured_media":34166,"template":"","meta":[],"product_brand":[],"product_cat":[520,477,702],"product_tag":[],"class_list":{"0":"post-34164","1":"product","2":"type-product","3":"status-publish","4":"has-post-thumbnail","6":"product_cat-pencil-case-pouch","7":"product_cat-school-bags","8":"product_cat-arts-crafts-collection","10":"first","11":"instock","12":"shipping-taxable","13":"product-type-simple"},"_links":{"self":[{"href":"http:\/\/shinyyoustationery.com\/es\/wp-json\/wp\/v2\/product\/34164","targetHints":{"allow":["GET"]}}],"collection":[{"href":"http:\/\/shinyyoustationery.com\/es\/wp-json\/wp\/v2\/product"}],"about":[{"href":"http:\/\/shinyyoustationery.com\/es\/wp-json\/wp\/v2\/types\/product"}],"version-history":[{"count":0,"href":"http:\/\/shinyyoustationery.com\/es\/wp-json\/wp\/v2\/product\/34164\/revisions"}],"wp:featuredmedia":[{"embeddable":true,"href":"http:\/\/shinyyoustationery.com\/es\/wp-json\/wp\/v2\/media\/34166"}],"wp:attachment":[{"href":"http:\/\/shinyyoustationery.com\/es\/wp-json\/wp\/v2\/media?parent=34164"}],"wp:term":[{"taxonomy":"product_brand","embeddable":true,"href":"http:\/\/shinyyoustationery.com\/es\/wp-json\/wp\/v2\/product_brand?post=34164"},{"taxonomy":"product_cat","embeddable":true,"href":"http:\/\/shinyyoustationery.com\/es\/wp-json\/wp\/v2\/product_cat?post=34164"},{"taxonomy":"product_tag","embeddable":true,"href":"http:\/\/shinyyoustationery.com\/es\/wp-json\/wp\/v2\/product_tag?post=34164"}],"curies":[{"name":"wp","href":"https:\/\/api.w.org\/{rel}","templated":true}]}}