{"id":34176,"date":"2025-06-30T20:19:01","date_gmt":"2025-06-30T12:19:01","guid":{"rendered":"http:\/\/45.63.70.205\/?post_type=product&#038;p=34176"},"modified":"2025-07-08T14:54:55","modified_gmt":"2025-07-08T06:54:55","slug":"colorful-roller-stamper-pens-fun-crafting-tools-for-kids-students","status":"publish","type":"product","link":"http:\/\/shinyyoustationery.com\/es\/colorful-roller-stamper-pens-fun-crafting-tools-for-kids-students\/","title":{"rendered":"Rotuladores de colores - Divertidas herramientas de manualidades para ni\u00f1os y estudiantes"},"content":{"rendered":"","protected":false},"excerpt":{"rendered":"<p>A\u00f1ade divertidos motivos a tus obras de arte con estos 6 coloridos rotuladores roller de la colecci\u00f3n Arts &amp; Crafts. Con un arco iris de colores de tinta, como rojo, naranja, amarillo, verde, azul y morado, estos rotuladores son perfectos tanto para ni\u00f1os como para estudiantes. Ideales para \u00e1lbumes de recortes, tarjetas o cualquier proyecto creativo, cada rotulador deja un dise\u00f1o \u00fanico con facilidad. \u00a1Perfectos para a\u00f1adir un toque art\u00edstico a las manualidades y actividades escolares!<\/p>","protected":false},"featured_media":34177,"template":"","meta":[],"product_brand":[],"product_cat":[474,702],"product_tag":[],"class_list":{"0":"post-34176","1":"product","2":"type-product","3":"status-publish","4":"has-post-thumbnail","6":"product_cat-kids-stationery","7":"product_cat-arts-crafts-collection","9":"first","10":"instock","11":"shipping-taxable","12":"product-type-simple"},"_links":{"self":[{"href":"http:\/\/shinyyoustationery.com\/es\/wp-json\/wp\/v2\/product\/34176","targetHints":{"allow":["GET"]}}],"collection":[{"href":"http:\/\/shinyyoustationery.com\/es\/wp-json\/wp\/v2\/product"}],"about":[{"href":"http:\/\/shinyyoustationery.com\/es\/wp-json\/wp\/v2\/types\/product"}],"version-history":[{"count":0,"href":"http:\/\/shinyyoustationery.com\/es\/wp-json\/wp\/v2\/product\/34176\/revisions"}],"wp:featuredmedia":[{"embeddable":true,"href":"http:\/\/shinyyoustationery.com\/es\/wp-json\/wp\/v2\/media\/34177"}],"wp:attachment":[{"href":"http:\/\/shinyyoustationery.com\/es\/wp-json\/wp\/v2\/media?parent=34176"}],"wp:term":[{"taxonomy":"product_brand","embeddable":true,"href":"http:\/\/shinyyoustationery.com\/es\/wp-json\/wp\/v2\/product_brand?post=34176"},{"taxonomy":"product_cat","embeddable":true,"href":"http:\/\/shinyyoustationery.com\/es\/wp-json\/wp\/v2\/product_cat?post=34176"},{"taxonomy":"product_tag","embeddable":true,"href":"http:\/\/shinyyoustationery.com\/es\/wp-json\/wp\/v2\/product_tag?post=34176"}],"curies":[{"name":"wp","href":"https:\/\/api.w.org\/{rel}","templated":true}]}}