{"id":34205,"date":"2025-07-01T13:44:23","date_gmt":"2025-07-01T05:44:23","guid":{"rendered":"http:\/\/45.63.70.205\/?post_type=product&#038;p=34205"},"modified":"2025-07-08T20:43:03","modified_gmt":"2025-07-08T12:43:03","slug":"geometric-a5-spiral-notebook-with-triangular-design-trendy-stylish-for-school-office","status":"publish","type":"product","link":"http:\/\/shinyyoustationery.com\/es\/geometric-a5-spiral-notebook-with-triangular-design-trendy-stylish-for-school-office\/","title":{"rendered":"Cuaderno geom\u00e9trico A5 con espiral y dise\u00f1o triangular - Moderno y elegante para la escuela y la oficina"},"content":{"rendered":"","protected":false},"excerpt":{"rendered":"<p>Este llamativo cuaderno de espiral A5 tiene una cubierta blanda con purpurina roja brillante, perfecta para estudiantes, profesionales o cualquiera que desee dar un toque de brillo a sus notas. El exclusivo dise\u00f1o \"OXO\" a\u00f1ade un toque l\u00fadico, convirti\u00e9ndolo en una opci\u00f3n divertida para la escritura creativa, el diario o la planificaci\u00f3n diaria. Compacta y resistente, es ideal para llevarla en mochilas, bolsos o bolsas de trabajo.<\/p>","protected":false},"featured_media":34207,"template":"","meta":[],"product_brand":[],"product_cat":[493,387],"product_tag":[],"class_list":{"0":"post-34205","1":"product","2":"type-product","3":"status-publish","4":"has-post-thumbnail","6":"product_cat-spiral-notebook","7":"product_cat-notebooks-journals","9":"first","10":"instock","11":"shipping-taxable","12":"product-type-simple"},"_links":{"self":[{"href":"http:\/\/shinyyoustationery.com\/es\/wp-json\/wp\/v2\/product\/34205","targetHints":{"allow":["GET"]}}],"collection":[{"href":"http:\/\/shinyyoustationery.com\/es\/wp-json\/wp\/v2\/product"}],"about":[{"href":"http:\/\/shinyyoustationery.com\/es\/wp-json\/wp\/v2\/types\/product"}],"version-history":[{"count":0,"href":"http:\/\/shinyyoustationery.com\/es\/wp-json\/wp\/v2\/product\/34205\/revisions"}],"wp:featuredmedia":[{"embeddable":true,"href":"http:\/\/shinyyoustationery.com\/es\/wp-json\/wp\/v2\/media\/34207"}],"wp:attachment":[{"href":"http:\/\/shinyyoustationery.com\/es\/wp-json\/wp\/v2\/media?parent=34205"}],"wp:term":[{"taxonomy":"product_brand","embeddable":true,"href":"http:\/\/shinyyoustationery.com\/es\/wp-json\/wp\/v2\/product_brand?post=34205"},{"taxonomy":"product_cat","embeddable":true,"href":"http:\/\/shinyyoustationery.com\/es\/wp-json\/wp\/v2\/product_cat?post=34205"},{"taxonomy":"product_tag","embeddable":true,"href":"http:\/\/shinyyoustationery.com\/es\/wp-json\/wp\/v2\/product_tag?post=34205"}],"curies":[{"name":"wp","href":"https:\/\/api.w.org\/{rel}","templated":true}]}}