{"id":34210,"date":"2025-07-01T13:50:33","date_gmt":"2025-07-01T05:50:33","guid":{"rendered":"http:\/\/45.63.70.205\/?post_type=product&#038;p=34210"},"modified":"2025-07-08T20:42:53","modified_gmt":"2025-07-08T12:42:53","slug":"elegant-rose-gold-glitter-a5-spiral-notebook-perfect-for-school-office","status":"publish","type":"product","link":"http:\/\/shinyyoustationery.com\/es\/elegant-rose-gold-glitter-a5-spiral-notebook-perfect-for-school-office\/","title":{"rendered":"Elegante cuaderno de espiral A5 con purpurina dorada - Perfecto para la escuela y la oficinaColecci\u00f3n Arte y Manualidades"},"content":{"rendered":"","protected":false},"excerpt":{"rendered":"<p>Este sofisticado cuaderno de espiral A5 combina estilo y funcionalidad, con un brillante toque de oro rosa en la tapa. Con la palabra \"NOTES\" en elegantes letras, es perfecto para estudiantes, profesionales y cualquier amante de la papeler\u00eda elegante. Ideal para tomar notas, escribir en un diario o planificar, este cuaderno a\u00f1adir\u00e1 un toque de brillo a su rutina diaria. Duradero y elegante, es el accesorio perfecto para el trabajo, la escuela o el hogar.<\/p>","protected":false},"featured_media":34212,"template":"","meta":[],"product_brand":[],"product_cat":[493,387],"product_tag":[],"class_list":{"0":"post-34210","1":"product","2":"type-product","3":"status-publish","4":"has-post-thumbnail","6":"product_cat-spiral-notebook","7":"product_cat-notebooks-journals","9":"first","10":"instock","11":"shipping-taxable","12":"product-type-simple"},"_links":{"self":[{"href":"http:\/\/shinyyoustationery.com\/es\/wp-json\/wp\/v2\/product\/34210","targetHints":{"allow":["GET"]}}],"collection":[{"href":"http:\/\/shinyyoustationery.com\/es\/wp-json\/wp\/v2\/product"}],"about":[{"href":"http:\/\/shinyyoustationery.com\/es\/wp-json\/wp\/v2\/types\/product"}],"version-history":[{"count":0,"href":"http:\/\/shinyyoustationery.com\/es\/wp-json\/wp\/v2\/product\/34210\/revisions"}],"wp:featuredmedia":[{"embeddable":true,"href":"http:\/\/shinyyoustationery.com\/es\/wp-json\/wp\/v2\/media\/34212"}],"wp:attachment":[{"href":"http:\/\/shinyyoustationery.com\/es\/wp-json\/wp\/v2\/media?parent=34210"}],"wp:term":[{"taxonomy":"product_brand","embeddable":true,"href":"http:\/\/shinyyoustationery.com\/es\/wp-json\/wp\/v2\/product_brand?post=34210"},{"taxonomy":"product_cat","embeddable":true,"href":"http:\/\/shinyyoustationery.com\/es\/wp-json\/wp\/v2\/product_cat?post=34210"},{"taxonomy":"product_tag","embeddable":true,"href":"http:\/\/shinyyoustationery.com\/es\/wp-json\/wp\/v2\/product_tag?post=34210"}],"curies":[{"name":"wp","href":"https:\/\/api.w.org\/{rel}","templated":true}]}}