{"id":34214,"date":"2025-07-01T14:03:34","date_gmt":"2025-07-01T06:03:34","guid":{"rendered":"http:\/\/45.63.70.205\/?post_type=product&#038;p=34214"},"modified":"2025-07-01T14:03:34","modified_gmt":"2025-07-01T06:03:34","slug":"12-color-slim-whiteboard-marker-set-perfect-for-classrooms-offices","status":"publish","type":"product","link":"http:\/\/shinyyoustationery.com\/es\/12-color-slim-whiteboard-marker-set-perfect-for-classrooms-offices\/","title":{"rendered":"Juego de rotuladores de pizarra blanca Slim de 12 colores - Perfecto para aulas y oficinas"},"content":{"rendered":"","protected":false},"excerpt":{"rendered":"<p>Este juego de 12 rotuladores de pizarra blanca slim vibrantes ofrece una gran variedad de colores, como verde, morado, azul, rosa y amarillo. Dise\u00f1ados para escribir y borrar con facilidad, son perfectos para su uso en aulas, oficinas o espacios de estudio en casa. Ideales para presentaciones, dibujar y tomar notas, estos rotuladores proporcionan l\u00edneas suaves y uniformes para una comunicaci\u00f3n y creatividad claras. Su dise\u00f1o fino facilita su manejo y almacenamiento.<\/p>","protected":false},"featured_media":34215,"template":"","meta":[],"product_brand":[],"product_cat":[417,702],"product_tag":[],"class_list":{"0":"post-34214","1":"product","2":"type-product","3":"status-publish","4":"has-post-thumbnail","6":"product_cat-marker","7":"product_cat-arts-crafts-collection","9":"first","10":"instock","11":"shipping-taxable","12":"product-type-simple"},"_links":{"self":[{"href":"http:\/\/shinyyoustationery.com\/es\/wp-json\/wp\/v2\/product\/34214","targetHints":{"allow":["GET"]}}],"collection":[{"href":"http:\/\/shinyyoustationery.com\/es\/wp-json\/wp\/v2\/product"}],"about":[{"href":"http:\/\/shinyyoustationery.com\/es\/wp-json\/wp\/v2\/types\/product"}],"version-history":[{"count":0,"href":"http:\/\/shinyyoustationery.com\/es\/wp-json\/wp\/v2\/product\/34214\/revisions"}],"wp:featuredmedia":[{"embeddable":true,"href":"http:\/\/shinyyoustationery.com\/es\/wp-json\/wp\/v2\/media\/34215"}],"wp:attachment":[{"href":"http:\/\/shinyyoustationery.com\/es\/wp-json\/wp\/v2\/media?parent=34214"}],"wp:term":[{"taxonomy":"product_brand","embeddable":true,"href":"http:\/\/shinyyoustationery.com\/es\/wp-json\/wp\/v2\/product_brand?post=34214"},{"taxonomy":"product_cat","embeddable":true,"href":"http:\/\/shinyyoustationery.com\/es\/wp-json\/wp\/v2\/product_cat?post=34214"},{"taxonomy":"product_tag","embeddable":true,"href":"http:\/\/shinyyoustationery.com\/es\/wp-json\/wp\/v2\/product_tag?post=34214"}],"curies":[{"name":"wp","href":"https:\/\/api.w.org\/{rel}","templated":true}]}}