{"id":34237,"date":"2025-07-01T15:02:45","date_gmt":"2025-07-01T07:02:45","guid":{"rendered":"http:\/\/45.63.70.205\/?post_type=product&#038;p=34237"},"modified":"2025-07-07T15:23:49","modified_gmt":"2025-07-07T07:23:49","slug":"cute-panda-themed-coin-bank-fun-savings-bank-for-kids","status":"publish","type":"product","link":"http:\/\/shinyyoustationery.com\/es\/cute-panda-themed-coin-bank-fun-savings-bank-for-kids\/","title":{"rendered":"Simp\u00e1tico monedero tem\u00e1tico con forma de panda: una divertida caja de ahorros para ni\u00f1os"},"content":{"rendered":"","protected":false},"excerpt":{"rendered":"<p>Esta adorable hucha con forma de panda es perfecta para ense\u00f1ar a los ni\u00f1os a ahorrar dinero. Con un divertido dise\u00f1o de pandas patinando y estrellas, a\u00f1ade un toque divertido a cualquier habitaci\u00f3n. Ideal para ni\u00f1os, esta hucha fomenta el ahorro de forma divertida y atractiva. La ranura f\u00e1cil de usar facilita el dep\u00f3sito de monedas, por lo que es una gran adici\u00f3n a la habitaci\u00f3n o zona de juegos de cualquier ni\u00f1o.<\/p>","protected":false},"featured_media":34239,"template":"","meta":[],"product_brand":[],"product_cat":[702,477,716],"product_tag":[],"class_list":{"0":"post-34237","1":"product","2":"type-product","3":"status-publish","4":"has-post-thumbnail","6":"product_cat-arts-crafts-collection","7":"product_cat-school-bags","8":"product_cat-coin-purse","10":"first","11":"instock","12":"shipping-taxable","13":"product-type-simple"},"_links":{"self":[{"href":"http:\/\/shinyyoustationery.com\/es\/wp-json\/wp\/v2\/product\/34237","targetHints":{"allow":["GET"]}}],"collection":[{"href":"http:\/\/shinyyoustationery.com\/es\/wp-json\/wp\/v2\/product"}],"about":[{"href":"http:\/\/shinyyoustationery.com\/es\/wp-json\/wp\/v2\/types\/product"}],"version-history":[{"count":0,"href":"http:\/\/shinyyoustationery.com\/es\/wp-json\/wp\/v2\/product\/34237\/revisions"}],"wp:featuredmedia":[{"embeddable":true,"href":"http:\/\/shinyyoustationery.com\/es\/wp-json\/wp\/v2\/media\/34239"}],"wp:attachment":[{"href":"http:\/\/shinyyoustationery.com\/es\/wp-json\/wp\/v2\/media?parent=34237"}],"wp:term":[{"taxonomy":"product_brand","embeddable":true,"href":"http:\/\/shinyyoustationery.com\/es\/wp-json\/wp\/v2\/product_brand?post=34237"},{"taxonomy":"product_cat","embeddable":true,"href":"http:\/\/shinyyoustationery.com\/es\/wp-json\/wp\/v2\/product_cat?post=34237"},{"taxonomy":"product_tag","embeddable":true,"href":"http:\/\/shinyyoustationery.com\/es\/wp-json\/wp\/v2\/product_tag?post=34237"}],"curies":[{"name":"wp","href":"https:\/\/api.w.org\/{rel}","templated":true}]}}