{"id":34243,"date":"2025-07-01T15:07:06","date_gmt":"2025-07-01T07:07:06","guid":{"rendered":"http:\/\/45.63.70.205\/?post_type=product&#038;p=34243"},"modified":"2025-07-07T15:24:09","modified_gmt":"2025-07-07T07:24:09","slug":"unicorn-themed-coin-bank-fun-savings-bank-for-kids","status":"publish","type":"product","link":"http:\/\/shinyyoustationery.com\/es\/unicorn-themed-coin-bank-fun-savings-bank-for-kids\/","title":{"rendered":"Unicornio - Hucha divertida para ni\u00f1os"},"content":{"rendered":"","protected":false},"excerpt":{"rendered":"<p>Este encantador monedero con tem\u00e1tica de unicornios presenta un colorido dise\u00f1o con juguetones unicornios y estrellas sobre un fondo rosa. Perfecta para ni\u00f1os peque\u00f1os, fomenta el ahorro de forma divertida e imaginativa. La ranura f\u00e1cil de usar permite a los ni\u00f1os depositar sus monedas con facilidad, por lo que es un complemento encantador para cualquier habitaci\u00f3n o zona de juegos. Ideal para ense\u00f1ar a los ni\u00f1os el valor del ahorro a la vez que a\u00f1ade un toque m\u00e1gico a su espacio.<\/p>","protected":false},"featured_media":34245,"template":"","meta":[],"product_brand":[],"product_cat":[702,477,716],"product_tag":[],"class_list":{"0":"post-34243","1":"product","2":"type-product","3":"status-publish","4":"has-post-thumbnail","6":"product_cat-arts-crafts-collection","7":"product_cat-school-bags","8":"product_cat-coin-purse","10":"first","11":"instock","12":"shipping-taxable","13":"product-type-simple"},"_links":{"self":[{"href":"http:\/\/shinyyoustationery.com\/es\/wp-json\/wp\/v2\/product\/34243","targetHints":{"allow":["GET"]}}],"collection":[{"href":"http:\/\/shinyyoustationery.com\/es\/wp-json\/wp\/v2\/product"}],"about":[{"href":"http:\/\/shinyyoustationery.com\/es\/wp-json\/wp\/v2\/types\/product"}],"version-history":[{"count":0,"href":"http:\/\/shinyyoustationery.com\/es\/wp-json\/wp\/v2\/product\/34243\/revisions"}],"wp:featuredmedia":[{"embeddable":true,"href":"http:\/\/shinyyoustationery.com\/es\/wp-json\/wp\/v2\/media\/34245"}],"wp:attachment":[{"href":"http:\/\/shinyyoustationery.com\/es\/wp-json\/wp\/v2\/media?parent=34243"}],"wp:term":[{"taxonomy":"product_brand","embeddable":true,"href":"http:\/\/shinyyoustationery.com\/es\/wp-json\/wp\/v2\/product_brand?post=34243"},{"taxonomy":"product_cat","embeddable":true,"href":"http:\/\/shinyyoustationery.com\/es\/wp-json\/wp\/v2\/product_cat?post=34243"},{"taxonomy":"product_tag","embeddable":true,"href":"http:\/\/shinyyoustationery.com\/es\/wp-json\/wp\/v2\/product_tag?post=34243"}],"curies":[{"name":"wp","href":"https:\/\/api.w.org\/{rel}","templated":true}]}}