{"id":34264,"date":"2025-07-01T16:12:04","date_gmt":"2025-07-01T08:12:04","guid":{"rendered":"http:\/\/45.63.70.205\/?post_type=product&#038;p=34264"},"modified":"2025-07-01T16:18:10","modified_gmt":"2025-07-01T08:18:10","slug":"colour-your-own-fashion-bag-fun-creative-diy-kit-for-kids","status":"publish","type":"product","link":"http:\/\/shinyyoustationery.com\/es\/colour-your-own-fashion-bag-fun-creative-diy-kit-for-kids\/","title":{"rendered":"Colorea tu propio bolso de moda - Kit de bricolaje divertido y creativo para ni\u00f1os"},"content":{"rendered":"","protected":false},"excerpt":{"rendered":"<p>Deje volar la creatividad de su hijo con este kit de bricolaje \"Colorea tu propia bolsa de moda\". Con un divertido dise\u00f1o de dinosaurio, este kit incluye una bolsa de lona blanca y rotuladores de colores, para que los ni\u00f1os creen su propio estilo \u00fanico. Ideal para proyectos escolares, actividades de manualidades o como regalo personalizado, este set es perfecto para los j\u00f3venes artistas a los que les encanta a\u00f1adir su toque personal a los accesorios. Perfecto para cumplea\u00f1os, el colegio o para divertirse haciendo manualidades en casa.<\/p>","protected":false},"featured_media":34266,"template":"","meta":[],"product_brand":[],"product_cat":[404,702],"product_tag":[],"class_list":{"0":"post-34264","1":"product","2":"type-product","3":"status-publish","4":"has-post-thumbnail","6":"product_cat-bags-cases","7":"product_cat-arts-crafts-collection","9":"first","10":"instock","11":"shipping-taxable","12":"product-type-simple"},"_links":{"self":[{"href":"http:\/\/shinyyoustationery.com\/es\/wp-json\/wp\/v2\/product\/34264","targetHints":{"allow":["GET"]}}],"collection":[{"href":"http:\/\/shinyyoustationery.com\/es\/wp-json\/wp\/v2\/product"}],"about":[{"href":"http:\/\/shinyyoustationery.com\/es\/wp-json\/wp\/v2\/types\/product"}],"version-history":[{"count":0,"href":"http:\/\/shinyyoustationery.com\/es\/wp-json\/wp\/v2\/product\/34264\/revisions"}],"wp:featuredmedia":[{"embeddable":true,"href":"http:\/\/shinyyoustationery.com\/es\/wp-json\/wp\/v2\/media\/34266"}],"wp:attachment":[{"href":"http:\/\/shinyyoustationery.com\/es\/wp-json\/wp\/v2\/media?parent=34264"}],"wp:term":[{"taxonomy":"product_brand","embeddable":true,"href":"http:\/\/shinyyoustationery.com\/es\/wp-json\/wp\/v2\/product_brand?post=34264"},{"taxonomy":"product_cat","embeddable":true,"href":"http:\/\/shinyyoustationery.com\/es\/wp-json\/wp\/v2\/product_cat?post=34264"},{"taxonomy":"product_tag","embeddable":true,"href":"http:\/\/shinyyoustationery.com\/es\/wp-json\/wp\/v2\/product_tag?post=34264"}],"curies":[{"name":"wp","href":"https:\/\/api.w.org\/{rel}","templated":true}]}}