{"id":34269,"date":"2025-07-01T16:26:30","date_gmt":"2025-07-01T08:26:30","guid":{"rendered":"http:\/\/45.63.70.205\/?post_type=product&#038;p=34269"},"modified":"2025-07-01T16:26:30","modified_gmt":"2025-07-01T08:26:30","slug":"water-paint-set-for-kids-vibrant-underwater-theme-with-6-pages-and-brush","status":"publish","type":"product","link":"http:\/\/shinyyoustationery.com\/es\/water-paint-set-for-kids-vibrant-underwater-theme-with-6-pages-and-brush\/","title":{"rendered":"Set de pintura acu\u00e1tica para ni\u00f1os - Tema submarino vibrante con 6 p\u00e1ginas y pincel"},"content":{"rendered":"","protected":false},"excerpt":{"rendered":"<p>Este colorido set de pintura acu\u00e1tica est\u00e1 dise\u00f1ado para ni\u00f1os a partir de 3 a\u00f1os y contiene 6 divertidas p\u00e1ginas de tem\u00e1tica submarina para pintar. El set incluye pinturas f\u00e1ciles de usar y un pincel, perfectos para despertar la creatividad y la expresi\u00f3n art\u00edstica. Basta con a\u00f1adir agua para activar los vibrantes colores y dar vida a cada imagen inspirada en el oc\u00e9ano. Una actividad estupenda para que los peque\u00f1os artistas disfruten en casa, en el colegio o durante las manualidades.<\/p>","protected":false},"featured_media":34271,"template":"","meta":[],"product_brand":[],"product_cat":[702,331,505],"product_tag":[],"class_list":{"0":"post-34269","1":"product","2":"type-product","3":"status-publish","4":"has-post-thumbnail","6":"product_cat-arts-crafts-collection","7":"product_cat-stationery-set","8":"product_cat-watercolor-paint","10":"first","11":"instock","12":"shipping-taxable","13":"product-type-simple"},"_links":{"self":[{"href":"http:\/\/shinyyoustationery.com\/es\/wp-json\/wp\/v2\/product\/34269","targetHints":{"allow":["GET"]}}],"collection":[{"href":"http:\/\/shinyyoustationery.com\/es\/wp-json\/wp\/v2\/product"}],"about":[{"href":"http:\/\/shinyyoustationery.com\/es\/wp-json\/wp\/v2\/types\/product"}],"version-history":[{"count":0,"href":"http:\/\/shinyyoustationery.com\/es\/wp-json\/wp\/v2\/product\/34269\/revisions"}],"wp:featuredmedia":[{"embeddable":true,"href":"http:\/\/shinyyoustationery.com\/es\/wp-json\/wp\/v2\/media\/34271"}],"wp:attachment":[{"href":"http:\/\/shinyyoustationery.com\/es\/wp-json\/wp\/v2\/media?parent=34269"}],"wp:term":[{"taxonomy":"product_brand","embeddable":true,"href":"http:\/\/shinyyoustationery.com\/es\/wp-json\/wp\/v2\/product_brand?post=34269"},{"taxonomy":"product_cat","embeddable":true,"href":"http:\/\/shinyyoustationery.com\/es\/wp-json\/wp\/v2\/product_cat?post=34269"},{"taxonomy":"product_tag","embeddable":true,"href":"http:\/\/shinyyoustationery.com\/es\/wp-json\/wp\/v2\/product_tag?post=34269"}],"curies":[{"name":"wp","href":"https:\/\/api.w.org\/{rel}","templated":true}]}}