{"id":34280,"date":"2025-07-01T16:46:30","date_gmt":"2025-07-01T08:46:30","guid":{"rendered":"http:\/\/45.63.70.205\/?post_type=product&#038;p=34280"},"modified":"2025-07-07T15:32:58","modified_gmt":"2025-07-07T07:32:58","slug":"sloth-themed-self-coloring-tote-bag-with-markers-creative-diy-kit-for-kids","status":"publish","type":"product","link":"http:\/\/shinyyoustationery.com\/es\/sloth-themed-self-coloring-tote-bag-with-markers-creative-diy-kit-for-kids\/","title":{"rendered":"Bolsa de tela para colorear con rotuladores y tem\u00e1tica de pereza - Kit de bricolaje creativo para ni\u00f1os"},"content":{"rendered":"","protected":false},"excerpt":{"rendered":"<p>Esta divertida \"Bolsa de asas autocoloreable\" presenta un dise\u00f1o de un perezoso, que permite a los ni\u00f1os utilizar los 5 rotuladores de vivos colores incluidos para dar vida al dise\u00f1o. Este kit de bricolaje, perfecto para los ni\u00f1os a los que les encanta hacer manualidades y personalizar sus accesorios, fomenta la creatividad y es ideal para proyectos escolares, regalos o salidas informales. La bolsa en s\u00ed est\u00e1 hecha de lona resistente, por lo que es perfecta para el uso diario una vez decorada. Ideal para j\u00f3venes artistas que quieran dar un toque personal a sus accesorios.<\/p>","protected":false},"featured_media":34281,"template":"","meta":[],"product_brand":[],"product_cat":[705,535,702],"product_tag":[],"class_list":{"0":"post-34280","1":"product","2":"type-product","3":"status-publish","4":"has-post-thumbnail","6":"product_cat-tote-bag","7":"product_cat-storage-bag","8":"product_cat-arts-crafts-collection","10":"first","11":"instock","12":"shipping-taxable","13":"product-type-simple"},"_links":{"self":[{"href":"http:\/\/shinyyoustationery.com\/es\/wp-json\/wp\/v2\/product\/34280","targetHints":{"allow":["GET"]}}],"collection":[{"href":"http:\/\/shinyyoustationery.com\/es\/wp-json\/wp\/v2\/product"}],"about":[{"href":"http:\/\/shinyyoustationery.com\/es\/wp-json\/wp\/v2\/types\/product"}],"version-history":[{"count":0,"href":"http:\/\/shinyyoustationery.com\/es\/wp-json\/wp\/v2\/product\/34280\/revisions"}],"wp:featuredmedia":[{"embeddable":true,"href":"http:\/\/shinyyoustationery.com\/es\/wp-json\/wp\/v2\/media\/34281"}],"wp:attachment":[{"href":"http:\/\/shinyyoustationery.com\/es\/wp-json\/wp\/v2\/media?parent=34280"}],"wp:term":[{"taxonomy":"product_brand","embeddable":true,"href":"http:\/\/shinyyoustationery.com\/es\/wp-json\/wp\/v2\/product_brand?post=34280"},{"taxonomy":"product_cat","embeddable":true,"href":"http:\/\/shinyyoustationery.com\/es\/wp-json\/wp\/v2\/product_cat?post=34280"},{"taxonomy":"product_tag","embeddable":true,"href":"http:\/\/shinyyoustationery.com\/es\/wp-json\/wp\/v2\/product_tag?post=34280"}],"curies":[{"name":"wp","href":"https:\/\/api.w.org\/{rel}","templated":true}]}}