{"id":34283,"date":"2025-07-01T16:51:19","date_gmt":"2025-07-01T08:51:19","guid":{"rendered":"http:\/\/45.63.70.205\/?post_type=product&#038;p=34283"},"modified":"2025-07-02T19:57:20","modified_gmt":"2025-07-02T11:57:20","slug":"mini-chalkboard-set-with-colored-chalks-ideal-for-kids-classroom-home","status":"publish","type":"product","link":"http:\/\/shinyyoustationery.com\/es\/mini-chalkboard-set-with-colored-chalks-ideal-for-kids-classroom-home\/","title":{"rendered":"Mini pizarra con tizas de colores - Ideal para ni\u00f1os, el aula y el hogar"},"content":{"rendered":"","protected":false},"excerpt":{"rendered":"<p>Este minijuego de pizarra es perfecto para los ni\u00f1os creativos y las actividades de clase. Incluye una pizarra negra, un juego de tizas de vivos colores y un borrador, todo ello en un pr\u00e1ctico kit f\u00e1cil de usar. Ideal para dibujar, escribir y aprender, es ideal para ni\u00f1os, profesores y familias. Perfecto para hacer los deberes, jugar o como herramienta divertida para la expresi\u00f3n creativa. Tanto si se utiliza en casa como en el colegio, este set ayuda a fomentar la creatividad y la organizaci\u00f3n.<\/p>","protected":false},"featured_media":34284,"template":"","meta":[],"product_brand":[],"product_cat":[454,474,702],"product_tag":[],"class_list":{"0":"post-34283","1":"product","2":"type-product","3":"status-publish","4":"has-post-thumbnail","6":"product_cat-whiteboard","7":"product_cat-kids-stationery","8":"product_cat-arts-crafts-collection","10":"first","11":"instock","12":"shipping-taxable","13":"product-type-simple"},"_links":{"self":[{"href":"http:\/\/shinyyoustationery.com\/es\/wp-json\/wp\/v2\/product\/34283","targetHints":{"allow":["GET"]}}],"collection":[{"href":"http:\/\/shinyyoustationery.com\/es\/wp-json\/wp\/v2\/product"}],"about":[{"href":"http:\/\/shinyyoustationery.com\/es\/wp-json\/wp\/v2\/types\/product"}],"version-history":[{"count":0,"href":"http:\/\/shinyyoustationery.com\/es\/wp-json\/wp\/v2\/product\/34283\/revisions"}],"wp:featuredmedia":[{"embeddable":true,"href":"http:\/\/shinyyoustationery.com\/es\/wp-json\/wp\/v2\/media\/34284"}],"wp:attachment":[{"href":"http:\/\/shinyyoustationery.com\/es\/wp-json\/wp\/v2\/media?parent=34283"}],"wp:term":[{"taxonomy":"product_brand","embeddable":true,"href":"http:\/\/shinyyoustationery.com\/es\/wp-json\/wp\/v2\/product_brand?post=34283"},{"taxonomy":"product_cat","embeddable":true,"href":"http:\/\/shinyyoustationery.com\/es\/wp-json\/wp\/v2\/product_cat?post=34283"},{"taxonomy":"product_tag","embeddable":true,"href":"http:\/\/shinyyoustationery.com\/es\/wp-json\/wp\/v2\/product_tag?post=34283"}],"curies":[{"name":"wp","href":"https:\/\/api.w.org\/{rel}","templated":true}]}}