{"id":34286,"date":"2025-07-01T16:55:43","date_gmt":"2025-07-01T08:55:43","guid":{"rendered":"http:\/\/45.63.70.205\/?post_type=product&#038;p=34286"},"modified":"2025-07-02T19:57:07","modified_gmt":"2025-07-02T11:57:07","slug":"blue-portable-mini-chalkboard-set-perfect-for-kids-learning-drawing-at-home-or-school","status":"publish","type":"product","link":"http:\/\/shinyyoustationery.com\/es\/blue-portable-mini-chalkboard-set-perfect-for-kids-learning-drawing-at-home-or-school\/","title":{"rendered":"Minipizarra port\u00e1til azul - Perfecta para que los ni\u00f1os aprendan y dibujen en casa o en la escuela"},"content":{"rendered":"","protected":false},"excerpt":{"rendered":"<p>Este compacto minijuego de pizarra con marco azul es ideal para j\u00f3venes estudiantes y artistas en ciernes. Con tizas de colores y un peque\u00f1o borrador, es perfecto para practicar la escritura, el dibujo o los juegos educativos. Ligero y f\u00e1cil de transportar, es ideal para usar en casa, en clase o de viaje. Una herramienta divertida y reutilizable para la creatividad y la educaci\u00f3n temprana de los ni\u00f1os.<\/p>","protected":false},"featured_media":34287,"template":"","meta":[],"product_brand":[],"product_cat":[454,702,474],"product_tag":[],"class_list":{"0":"post-34286","1":"product","2":"type-product","3":"status-publish","4":"has-post-thumbnail","6":"product_cat-whiteboard","7":"product_cat-arts-crafts-collection","8":"product_cat-kids-stationery","10":"first","11":"instock","12":"shipping-taxable","13":"product-type-simple"},"_links":{"self":[{"href":"http:\/\/shinyyoustationery.com\/es\/wp-json\/wp\/v2\/product\/34286","targetHints":{"allow":["GET"]}}],"collection":[{"href":"http:\/\/shinyyoustationery.com\/es\/wp-json\/wp\/v2\/product"}],"about":[{"href":"http:\/\/shinyyoustationery.com\/es\/wp-json\/wp\/v2\/types\/product"}],"version-history":[{"count":0,"href":"http:\/\/shinyyoustationery.com\/es\/wp-json\/wp\/v2\/product\/34286\/revisions"}],"wp:featuredmedia":[{"embeddable":true,"href":"http:\/\/shinyyoustationery.com\/es\/wp-json\/wp\/v2\/media\/34287"}],"wp:attachment":[{"href":"http:\/\/shinyyoustationery.com\/es\/wp-json\/wp\/v2\/media?parent=34286"}],"wp:term":[{"taxonomy":"product_brand","embeddable":true,"href":"http:\/\/shinyyoustationery.com\/es\/wp-json\/wp\/v2\/product_brand?post=34286"},{"taxonomy":"product_cat","embeddable":true,"href":"http:\/\/shinyyoustationery.com\/es\/wp-json\/wp\/v2\/product_cat?post=34286"},{"taxonomy":"product_tag","embeddable":true,"href":"http:\/\/shinyyoustationery.com\/es\/wp-json\/wp\/v2\/product_tag?post=34286"}],"curies":[{"name":"wp","href":"https:\/\/api.w.org\/{rel}","templated":true}]}}