{"id":34801,"date":"2025-07-07T17:15:15","date_gmt":"2025-07-07T09:15:15","guid":{"rendered":"http:\/\/45.63.70.205\/?post_type=product&#038;p=34801"},"modified":"2025-07-07T17:49:09","modified_gmt":"2025-07-07T09:49:09","slug":"bright-pink-30cm-flexible-ruler-ideal-for-girls","status":"publish","type":"product","link":"http:\/\/shinyyoustationery.com\/es\/bright-pink-30cm-flexible-ruler-ideal-for-girls\/","title":{"rendered":"Regla flexible rosa brillante de 30 cm - Ideal para ni\u00f1as"},"content":{"rendered":"","protected":false},"excerpt":{"rendered":"<p>A\u00f1ade un toque de color y funcionalidad a tu colecci\u00f3n de papeler\u00eda con la regla flexible Shiny You de 30 cm. Fabricada con un material duradero y flexible, esta regla rosa vibrante es perfecta para las ni\u00f1as que adoran el estilo y la funcionalidad. Ligera y resistente, es ideal para el colegio, las manualidades y el uso diario.<\/p>","protected":false},"featured_media":34803,"template":"","meta":[],"product_brand":[],"product_cat":[475,397,424],"product_tag":[],"class_list":{"0":"post-34801","1":"product","2":"type-product","3":"status-publish","4":"has-post-thumbnail","6":"product_cat-rulers-measuring-tools","7":"product_cat-basic-office-stationery","8":"product_cat-straight-ruler","10":"first","11":"instock","12":"shipping-taxable","13":"product-type-simple"},"_links":{"self":[{"href":"http:\/\/shinyyoustationery.com\/es\/wp-json\/wp\/v2\/product\/34801","targetHints":{"allow":["GET"]}}],"collection":[{"href":"http:\/\/shinyyoustationery.com\/es\/wp-json\/wp\/v2\/product"}],"about":[{"href":"http:\/\/shinyyoustationery.com\/es\/wp-json\/wp\/v2\/types\/product"}],"version-history":[{"count":0,"href":"http:\/\/shinyyoustationery.com\/es\/wp-json\/wp\/v2\/product\/34801\/revisions"}],"wp:featuredmedia":[{"embeddable":true,"href":"http:\/\/shinyyoustationery.com\/es\/wp-json\/wp\/v2\/media\/34803"}],"wp:attachment":[{"href":"http:\/\/shinyyoustationery.com\/es\/wp-json\/wp\/v2\/media?parent=34801"}],"wp:term":[{"taxonomy":"product_brand","embeddable":true,"href":"http:\/\/shinyyoustationery.com\/es\/wp-json\/wp\/v2\/product_brand?post=34801"},{"taxonomy":"product_cat","embeddable":true,"href":"http:\/\/shinyyoustationery.com\/es\/wp-json\/wp\/v2\/product_cat?post=34801"},{"taxonomy":"product_tag","embeddable":true,"href":"http:\/\/shinyyoustationery.com\/es\/wp-json\/wp\/v2\/product_tag?post=34801"}],"curies":[{"name":"wp","href":"https:\/\/api.w.org\/{rel}","templated":true}]}}