{"id":34859,"date":"2025-07-08T13:22:17","date_gmt":"2025-07-08T05:22:17","guid":{"rendered":"http:\/\/45.63.70.205\/?post_type=product&#038;p=34859"},"modified":"2025-07-14T02:57:54","modified_gmt":"2025-07-14T10:57:54","slug":"large-binder-clip-plastic-bulldog-clip-hinge-paper-clips-file-clamps-office-school-supplies","status":"publish","type":"product","link":"http:\/\/shinyyoustationery.com\/es\/large-binder-clip-plastic-bulldog-clip-hinge-paper-clips-file-clamps-office-school-supplies\/","title":{"rendered":"Clip de pl\u00e1stico Bulldog Clip Bisagra Clips de papel Abrazaderas de archivo Material escolar de oficina"},"content":{"rendered":"","protected":false},"excerpt":{"rendered":"<p>Mantenga sus papeles y documentos organizados con esta pinza para carpetas bulldog grande de pl\u00e1stico. Perfecto para la oficina, la escuela o el hogar, cuenta con un dise\u00f1o de bisagra resistente y un agarre fuerte para sujetar los papeles de forma segura. Su resistente construcci\u00f3n de pl\u00e1stico y su pr\u00e1ctico dise\u00f1o lo convierten en una herramienta esencial para gestionar archivos, notas y mucho m\u00e1s.<\/p>","protected":false},"featured_media":34861,"template":"","meta":[],"product_brand":[],"product_cat":[422],"product_tag":[],"class_list":{"0":"post-34859","1":"product","2":"type-product","3":"status-publish","4":"has-post-thumbnail","6":"product_cat-binder-clip","8":"first","9":"instock","10":"shipping-taxable","11":"product-type-simple"},"_links":{"self":[{"href":"http:\/\/shinyyoustationery.com\/es\/wp-json\/wp\/v2\/product\/34859","targetHints":{"allow":["GET"]}}],"collection":[{"href":"http:\/\/shinyyoustationery.com\/es\/wp-json\/wp\/v2\/product"}],"about":[{"href":"http:\/\/shinyyoustationery.com\/es\/wp-json\/wp\/v2\/types\/product"}],"version-history":[{"count":0,"href":"http:\/\/shinyyoustationery.com\/es\/wp-json\/wp\/v2\/product\/34859\/revisions"}],"wp:featuredmedia":[{"embeddable":true,"href":"http:\/\/shinyyoustationery.com\/es\/wp-json\/wp\/v2\/media\/34861"}],"wp:attachment":[{"href":"http:\/\/shinyyoustationery.com\/es\/wp-json\/wp\/v2\/media?parent=34859"}],"wp:term":[{"taxonomy":"product_brand","embeddable":true,"href":"http:\/\/shinyyoustationery.com\/es\/wp-json\/wp\/v2\/product_brand?post=34859"},{"taxonomy":"product_cat","embeddable":true,"href":"http:\/\/shinyyoustationery.com\/es\/wp-json\/wp\/v2\/product_cat?post=34859"},{"taxonomy":"product_tag","embeddable":true,"href":"http:\/\/shinyyoustationery.com\/es\/wp-json\/wp\/v2\/product_tag?post=34859"}],"curies":[{"name":"wp","href":"https:\/\/api.w.org\/{rel}","templated":true}]}}