{"id":35310,"date":"2025-07-09T17:32:12","date_gmt":"2025-07-09T09:32:12","guid":{"rendered":"http:\/\/45.63.70.205\/?post_type=product&#038;p=35310"},"modified":"2025-07-09T19:01:37","modified_gmt":"2025-07-09T11:01:37","slug":"wholesale-pack-of-12-pink-pencils-for-school-office","status":"publish","type":"product","link":"http:\/\/shinyyoustationery.com\/es\/wholesale-pack-of-12-pink-pencils-for-school-office\/","title":{"rendered":"Mayorista Paquete de 12 L\u00e1pices Rosas para la Escuela y la Oficina"},"content":{"rendered":"","protected":false},"excerpt":{"rendered":"<p>Este paquete de 12 l\u00e1pices rosas de primera calidad es perfecto para la escuela, la oficina y el uso personal. Cada l\u00e1piz est\u00e1 fabricado con madera de alta calidad, lo que garantiza su durabilidad y una escritura suave. El vibrante dise\u00f1o rosa a\u00f1ade un toque divertido a su espacio de trabajo o aula. Presentados en un pr\u00e1ctico tubo transparente, estos l\u00e1pices son f\u00e1ciles de transportar y guardar. Ya sea para tomar notas, dibujar o simplemente a\u00f1adir un toque de color a su trabajo, estos l\u00e1pices est\u00e1n dise\u00f1ados para satisfacer todas sus necesidades.<\/p>","protected":false},"featured_media":35311,"template":"","meta":[],"product_brand":[],"product_cat":[416,415,331,410],"product_tag":[],"class_list":{"0":"post-35310","1":"product","2":"type-product","3":"status-publish","4":"has-post-thumbnail","6":"product_cat-pencil","7":"product_cat-pen","8":"product_cat-stationery-set","9":"product_cat-writing-instruments","11":"first","12":"instock","13":"shipping-taxable","14":"product-type-simple"},"_links":{"self":[{"href":"http:\/\/shinyyoustationery.com\/es\/wp-json\/wp\/v2\/product\/35310","targetHints":{"allow":["GET"]}}],"collection":[{"href":"http:\/\/shinyyoustationery.com\/es\/wp-json\/wp\/v2\/product"}],"about":[{"href":"http:\/\/shinyyoustationery.com\/es\/wp-json\/wp\/v2\/types\/product"}],"version-history":[{"count":0,"href":"http:\/\/shinyyoustationery.com\/es\/wp-json\/wp\/v2\/product\/35310\/revisions"}],"wp:featuredmedia":[{"embeddable":true,"href":"http:\/\/shinyyoustationery.com\/es\/wp-json\/wp\/v2\/media\/35311"}],"wp:attachment":[{"href":"http:\/\/shinyyoustationery.com\/es\/wp-json\/wp\/v2\/media?parent=35310"}],"wp:term":[{"taxonomy":"product_brand","embeddable":true,"href":"http:\/\/shinyyoustationery.com\/es\/wp-json\/wp\/v2\/product_brand?post=35310"},{"taxonomy":"product_cat","embeddable":true,"href":"http:\/\/shinyyoustationery.com\/es\/wp-json\/wp\/v2\/product_cat?post=35310"},{"taxonomy":"product_tag","embeddable":true,"href":"http:\/\/shinyyoustationery.com\/es\/wp-json\/wp\/v2\/product_tag?post=35310"}],"curies":[{"name":"wp","href":"https:\/\/api.w.org\/{rel}","templated":true}]}}