{"id":35318,"date":"2025-07-09T19:10:12","date_gmt":"2025-07-09T11:10:12","guid":{"rendered":"http:\/\/45.63.70.205\/?post_type=product&#038;p=35318"},"modified":"2025-07-09T19:13:41","modified_gmt":"2025-07-09T11:13:41","slug":"set-of-6-neon-hb-pencils-with-erasers-bright-pink-and-orange-for-school-office","status":"publish","type":"product","link":"http:\/\/shinyyoustationery.com\/es\/set-of-6-neon-hb-pencils-with-erasers-bright-pink-and-orange-for-school-office\/","title":{"rendered":"Juego de 6 l\u00e1pices HB de ne\u00f3n con goma de borrar - rosa y naranja brillante para la escuela y la oficina"},"content":{"rendered":"","protected":false},"excerpt":{"rendered":"<p>Este vibrante juego de 6 l\u00e1pices Neon HB presenta una mezcla de colores rosa y naranja brillantes, que los hacen destacar en cualquier aula u oficina. Cada l\u00e1piz est\u00e1 equipado con una goma de borrar duradera, perfecta para correcciones r\u00e1pidas durante tus tareas de escritura, dibujo o esbozo.<\/p>","protected":false},"featured_media":35319,"template":"","meta":[],"product_brand":[],"product_cat":[416,331,410,415],"product_tag":[],"class_list":{"0":"post-35318","1":"product","2":"type-product","3":"status-publish","4":"has-post-thumbnail","6":"product_cat-pencil","7":"product_cat-stationery-set","8":"product_cat-writing-instruments","9":"product_cat-pen","11":"first","12":"instock","13":"shipping-taxable","14":"product-type-simple"},"_links":{"self":[{"href":"http:\/\/shinyyoustationery.com\/es\/wp-json\/wp\/v2\/product\/35318","targetHints":{"allow":["GET"]}}],"collection":[{"href":"http:\/\/shinyyoustationery.com\/es\/wp-json\/wp\/v2\/product"}],"about":[{"href":"http:\/\/shinyyoustationery.com\/es\/wp-json\/wp\/v2\/types\/product"}],"version-history":[{"count":0,"href":"http:\/\/shinyyoustationery.com\/es\/wp-json\/wp\/v2\/product\/35318\/revisions"}],"wp:featuredmedia":[{"embeddable":true,"href":"http:\/\/shinyyoustationery.com\/es\/wp-json\/wp\/v2\/media\/35319"}],"wp:attachment":[{"href":"http:\/\/shinyyoustationery.com\/es\/wp-json\/wp\/v2\/media?parent=35318"}],"wp:term":[{"taxonomy":"product_brand","embeddable":true,"href":"http:\/\/shinyyoustationery.com\/es\/wp-json\/wp\/v2\/product_brand?post=35318"},{"taxonomy":"product_cat","embeddable":true,"href":"http:\/\/shinyyoustationery.com\/es\/wp-json\/wp\/v2\/product_cat?post=35318"},{"taxonomy":"product_tag","embeddable":true,"href":"http:\/\/shinyyoustationery.com\/es\/wp-json\/wp\/v2\/product_tag?post=35318"}],"curies":[{"name":"wp","href":"https:\/\/api.w.org\/{rel}","templated":true}]}}