{"id":35323,"date":"2025-07-09T19:19:55","date_gmt":"2025-07-09T11:19:55","guid":{"rendered":"http:\/\/45.63.70.205\/?post_type=product&#038;p=35323"},"modified":"2025-07-09T19:22:43","modified_gmt":"2025-07-09T11:22:43","slug":"pack-of-12-bright-pink-pencils-with-erasers-for-school-office","status":"publish","type":"product","link":"http:\/\/shinyyoustationery.com\/es\/pack-of-12-bright-pink-pencils-with-erasers-for-school-office\/","title":{"rendered":"Paquete de 12 l\u00e1pices rosa brillante con goma de borrar para la escuela y la oficina"},"content":{"rendered":"","protected":false},"excerpt":{"rendered":"<p>Este paquete de 12 l\u00e1pices de color rosa brillante es perfecto tanto para el colegio como para la oficina, y ofrece un toque vibrante a tu colecci\u00f3n de papeler\u00eda. Cada l\u00e1piz est\u00e1 fabricado con madera de alta calidad y cuenta con una mina HB suave y f\u00e1cil de escribir, por lo que es ideal para escribir, dibujar y tomar notas. Las gomas de borrar de la parte superior permiten realizar correcciones r\u00e1pidas y eficaces, garantizando un espacio de trabajo limpio y ordenado. El llamativo color rosa hace que estos l\u00e1pices sean f\u00e1ciles de reconocer en tu estuche, escritorio o aula. Tanto si es estudiante, profesor o profesional, estos elegantes l\u00e1pices le ofrecen funcionalidad y estilo para todas sus necesidades de escritura.<\/p>","protected":false},"featured_media":35324,"template":"","meta":[],"product_brand":[],"product_cat":[416,331,410,415],"product_tag":[],"class_list":{"0":"post-35323","1":"product","2":"type-product","3":"status-publish","4":"has-post-thumbnail","6":"product_cat-pencil","7":"product_cat-stationery-set","8":"product_cat-writing-instruments","9":"product_cat-pen","11":"first","12":"instock","13":"shipping-taxable","14":"product-type-simple"},"_links":{"self":[{"href":"http:\/\/shinyyoustationery.com\/es\/wp-json\/wp\/v2\/product\/35323","targetHints":{"allow":["GET"]}}],"collection":[{"href":"http:\/\/shinyyoustationery.com\/es\/wp-json\/wp\/v2\/product"}],"about":[{"href":"http:\/\/shinyyoustationery.com\/es\/wp-json\/wp\/v2\/types\/product"}],"version-history":[{"count":0,"href":"http:\/\/shinyyoustationery.com\/es\/wp-json\/wp\/v2\/product\/35323\/revisions"}],"wp:featuredmedia":[{"embeddable":true,"href":"http:\/\/shinyyoustationery.com\/es\/wp-json\/wp\/v2\/media\/35324"}],"wp:attachment":[{"href":"http:\/\/shinyyoustationery.com\/es\/wp-json\/wp\/v2\/media?parent=35323"}],"wp:term":[{"taxonomy":"product_brand","embeddable":true,"href":"http:\/\/shinyyoustationery.com\/es\/wp-json\/wp\/v2\/product_brand?post=35323"},{"taxonomy":"product_cat","embeddable":true,"href":"http:\/\/shinyyoustationery.com\/es\/wp-json\/wp\/v2\/product_cat?post=35323"},{"taxonomy":"product_tag","embeddable":true,"href":"http:\/\/shinyyoustationery.com\/es\/wp-json\/wp\/v2\/product_tag?post=35323"}],"curies":[{"name":"wp","href":"https:\/\/api.w.org\/{rel}","templated":true}]}}