{"id":35326,"date":"2025-07-09T19:26:12","date_gmt":"2025-07-09T11:26:12","guid":{"rendered":"http:\/\/45.63.70.205\/?post_type=product&#038;p=35326"},"modified":"2025-07-09T19:27:50","modified_gmt":"2025-07-09T11:27:50","slug":"set-of-8-colorful-day-themed-pencils-with-erasers-for-school-office","status":"publish","type":"product","link":"http:\/\/shinyyoustationery.com\/es\/set-of-8-colorful-day-themed-pencils-with-erasers-for-school-office\/","title":{"rendered":"Set de 8 l\u00e1pices de colores con tema del d\u00eda y goma de borrar para el colegio y la oficina"},"content":{"rendered":"","protected":false},"excerpt":{"rendered":"<p>Este vibrante juego de 8 l\u00e1pices est\u00e1 dise\u00f1ado con una divertida tem\u00e1tica diurna, con colores y etiquetas para cada d\u00eda de la semana (de lunes a domingo), adem\u00e1s de un l\u00e1piz \"Mi d\u00eda\". El juego incluye l\u00e1pices rojos, rosas, amarillos, verdes, azules y blancos, cada uno con una goma de borrar en la parte superior para facilitar las correcciones. Fabricados con mina HB de alta calidad, estos l\u00e1pices proporcionan una escritura suave, por lo que son perfectos tanto para el colegio como para la oficina.<\/p>","protected":false},"featured_media":35327,"template":"","meta":[],"product_brand":[],"product_cat":[416,410,415,331],"product_tag":[],"class_list":{"0":"post-35326","1":"product","2":"type-product","3":"status-publish","4":"has-post-thumbnail","6":"product_cat-pencil","7":"product_cat-writing-instruments","8":"product_cat-pen","9":"product_cat-stationery-set","11":"first","12":"instock","13":"shipping-taxable","14":"product-type-simple"},"_links":{"self":[{"href":"http:\/\/shinyyoustationery.com\/es\/wp-json\/wp\/v2\/product\/35326","targetHints":{"allow":["GET"]}}],"collection":[{"href":"http:\/\/shinyyoustationery.com\/es\/wp-json\/wp\/v2\/product"}],"about":[{"href":"http:\/\/shinyyoustationery.com\/es\/wp-json\/wp\/v2\/types\/product"}],"version-history":[{"count":0,"href":"http:\/\/shinyyoustationery.com\/es\/wp-json\/wp\/v2\/product\/35326\/revisions"}],"wp:featuredmedia":[{"embeddable":true,"href":"http:\/\/shinyyoustationery.com\/es\/wp-json\/wp\/v2\/media\/35327"}],"wp:attachment":[{"href":"http:\/\/shinyyoustationery.com\/es\/wp-json\/wp\/v2\/media?parent=35326"}],"wp:term":[{"taxonomy":"product_brand","embeddable":true,"href":"http:\/\/shinyyoustationery.com\/es\/wp-json\/wp\/v2\/product_brand?post=35326"},{"taxonomy":"product_cat","embeddable":true,"href":"http:\/\/shinyyoustationery.com\/es\/wp-json\/wp\/v2\/product_cat?post=35326"},{"taxonomy":"product_tag","embeddable":true,"href":"http:\/\/shinyyoustationery.com\/es\/wp-json\/wp\/v2\/product_tag?post=35326"}],"curies":[{"name":"wp","href":"https:\/\/api.w.org\/{rel}","templated":true}]}}