{"id":35331,"date":"2025-07-09T19:30:35","date_gmt":"2025-07-09T11:30:35","guid":{"rendered":"http:\/\/45.63.70.205\/?post_type=product&#038;p=35331"},"modified":"2025-07-09T19:50:16","modified_gmt":"2025-07-09T11:50:16","slug":"set-of-8-rainbow-holographic-pencils-with-erasers-vibrant-and-fun-for-school-office","status":"publish","type":"product","link":"http:\/\/shinyyoustationery.com\/es\/set-of-8-rainbow-holographic-pencils-with-erasers-vibrant-and-fun-for-school-office\/","title":{"rendered":"Set de 8 l\u00e1pices hologr\u00e1ficos arco iris con goma de borrar - Vibrantes y divertidos para la escuela y la oficina"},"content":{"rendered":"","protected":false},"excerpt":{"rendered":"<p>A\u00f1ade un toque de color a tu papeler\u00eda con este set de 8 l\u00e1pices hologr\u00e1ficos arco iris. Cada l\u00e1piz presenta un impresionante acabado hologr\u00e1fico reflectante que cambia con la luz, haci\u00e9ndolos tan divertidos de ver como de usar. Equipados con una pr\u00e1ctica goma de borrar, estos l\u00e1pices son perfectos para realizar correcciones r\u00e1pidas, escribir y dibujar. Tanto si los utiliza en la escuela, en el trabajo o para proyectos creativos, estos vibrantes l\u00e1pices aportar\u00e1n emoci\u00f3n a su escritorio o estuche.<\/p>","protected":false},"featured_media":35336,"template":"","meta":[],"product_brand":[],"product_cat":[416,331,410,415],"product_tag":[],"class_list":{"0":"post-35331","1":"product","2":"type-product","3":"status-publish","4":"has-post-thumbnail","6":"product_cat-pencil","7":"product_cat-stationery-set","8":"product_cat-writing-instruments","9":"product_cat-pen","11":"first","12":"instock","13":"shipping-taxable","14":"product-type-simple"},"_links":{"self":[{"href":"http:\/\/shinyyoustationery.com\/es\/wp-json\/wp\/v2\/product\/35331","targetHints":{"allow":["GET"]}}],"collection":[{"href":"http:\/\/shinyyoustationery.com\/es\/wp-json\/wp\/v2\/product"}],"about":[{"href":"http:\/\/shinyyoustationery.com\/es\/wp-json\/wp\/v2\/types\/product"}],"version-history":[{"count":0,"href":"http:\/\/shinyyoustationery.com\/es\/wp-json\/wp\/v2\/product\/35331\/revisions"}],"wp:featuredmedia":[{"embeddable":true,"href":"http:\/\/shinyyoustationery.com\/es\/wp-json\/wp\/v2\/media\/35336"}],"wp:attachment":[{"href":"http:\/\/shinyyoustationery.com\/es\/wp-json\/wp\/v2\/media?parent=35331"}],"wp:term":[{"taxonomy":"product_brand","embeddable":true,"href":"http:\/\/shinyyoustationery.com\/es\/wp-json\/wp\/v2\/product_brand?post=35331"},{"taxonomy":"product_cat","embeddable":true,"href":"http:\/\/shinyyoustationery.com\/es\/wp-json\/wp\/v2\/product_cat?post=35331"},{"taxonomy":"product_tag","embeddable":true,"href":"http:\/\/shinyyoustationery.com\/es\/wp-json\/wp\/v2\/product_tag?post=35331"}],"curies":[{"name":"wp","href":"https:\/\/api.w.org\/{rel}","templated":true}]}}