{"id":35339,"date":"2025-07-09T19:53:02","date_gmt":"2025-07-09T11:53:02","guid":{"rendered":"http:\/\/45.63.70.205\/?post_type=product&#038;p=35339"},"modified":"2025-07-09T19:55:37","modified_gmt":"2025-07-09T11:55:37","slug":"set-of-6-chunky-colouring-pencils-bright-colors-for-kids-and-creative-projects","status":"publish","type":"product","link":"http:\/\/shinyyoustationery.com\/es\/set-of-6-chunky-colouring-pencils-bright-colors-for-kids-and-creative-projects\/","title":{"rendered":"Set de 6 l\u00e1pices de colores gruesos - Colores brillantes para ni\u00f1os y proyectos creativos"},"content":{"rendered":"","protected":false},"excerpt":{"rendered":"<p>Este juego de 6 l\u00e1pices de colores gruesos es perfecto para ni\u00f1os, artistas o cualquiera que desee a\u00f1adir colores vivos a sus creaciones. Con colores vivos y llamativos como rojo, naranja, amarillo, verde, azul y negro, estos l\u00e1pices son ideales para dibujar, colorear y hacer bocetos. El dise\u00f1o grueso es f\u00e1cil de agarrar para las manos peque\u00f1as, por lo que son ideales para ni\u00f1os o principiantes. Tanto si est\u00e1s creando una obra de arte, coloreando un libro o trabajando en un proyecto creativo, estos l\u00e1pices duraderos proporcionan un color suave y rico que da vida a cualquier dibujo. Ideales para las aulas, los proyectos caseros o como regalo divertido para j\u00f3venes artistas.<\/p>","protected":false},"featured_media":35340,"template":"","meta":[],"product_brand":[],"product_cat":[416,415,331,410],"product_tag":[],"class_list":{"0":"post-35339","1":"product","2":"type-product","3":"status-publish","4":"has-post-thumbnail","6":"product_cat-pencil","7":"product_cat-pen","8":"product_cat-stationery-set","9":"product_cat-writing-instruments","11":"first","12":"instock","13":"shipping-taxable","14":"product-type-simple"},"_links":{"self":[{"href":"http:\/\/shinyyoustationery.com\/es\/wp-json\/wp\/v2\/product\/35339","targetHints":{"allow":["GET"]}}],"collection":[{"href":"http:\/\/shinyyoustationery.com\/es\/wp-json\/wp\/v2\/product"}],"about":[{"href":"http:\/\/shinyyoustationery.com\/es\/wp-json\/wp\/v2\/types\/product"}],"version-history":[{"count":0,"href":"http:\/\/shinyyoustationery.com\/es\/wp-json\/wp\/v2\/product\/35339\/revisions"}],"wp:featuredmedia":[{"embeddable":true,"href":"http:\/\/shinyyoustationery.com\/es\/wp-json\/wp\/v2\/media\/35340"}],"wp:attachment":[{"href":"http:\/\/shinyyoustationery.com\/es\/wp-json\/wp\/v2\/media?parent=35339"}],"wp:term":[{"taxonomy":"product_brand","embeddable":true,"href":"http:\/\/shinyyoustationery.com\/es\/wp-json\/wp\/v2\/product_brand?post=35339"},{"taxonomy":"product_cat","embeddable":true,"href":"http:\/\/shinyyoustationery.com\/es\/wp-json\/wp\/v2\/product_cat?post=35339"},{"taxonomy":"product_tag","embeddable":true,"href":"http:\/\/shinyyoustationery.com\/es\/wp-json\/wp\/v2\/product_tag?post=35339"}],"curies":[{"name":"wp","href":"https:\/\/api.w.org\/{rel}","templated":true}]}}