{"id":35342,"date":"2025-07-09T19:56:00","date_gmt":"2025-07-09T11:56:00","guid":{"rendered":"http:\/\/45.63.70.205\/?post_type=product&#038;p=35342"},"modified":"2025-07-09T20:00:25","modified_gmt":"2025-07-09T12:00:25","slug":"set-of-10-pastel-colouring-pencils-soft-and-vibrant-for-creative-projects-and-artwork","status":"publish","type":"product","link":"http:\/\/shinyyoustationery.com\/es\/set-of-10-pastel-colouring-pencils-soft-and-vibrant-for-creative-projects-and-artwork\/","title":{"rendered":"Set de 10 l\u00e1pices de colores pastel - Suaves y vibrantes para proyectos creativos y obras de arte"},"content":{"rendered":"","protected":false},"excerpt":{"rendered":"<p>Este juego de 10 l\u00e1pices de colores pastel ofrece una gama de colores suaves y vibrantes perfectos para todas tus necesidades art\u00edsticas. Con tonos rosa, lavanda, amarillo, verde, azul y naranja, estos l\u00e1pices son ideales para colorear, dibujar y realizar proyectos creativos. El pigmento suave y rico se desliza sin esfuerzo sobre el papel, creando una cobertura hermosa y uniforme. Tanto si est\u00e1s trabajando en un proyecto escolar, haciendo garabatos o creando obras de arte detalladas, estos l\u00e1pices pastel a\u00f1aden un toque suave y armonioso a tus creaciones. Ideales para artistas de todas las edades, estos l\u00e1pices son perfectos tanto para principiantes como para profesionales.<\/p>","protected":false},"featured_media":35343,"template":"","meta":[],"product_brand":[],"product_cat":[416,331,410,415],"product_tag":[],"class_list":{"0":"post-35342","1":"product","2":"type-product","3":"status-publish","4":"has-post-thumbnail","6":"product_cat-pencil","7":"product_cat-stationery-set","8":"product_cat-writing-instruments","9":"product_cat-pen","11":"first","12":"instock","13":"shipping-taxable","14":"product-type-simple"},"_links":{"self":[{"href":"http:\/\/shinyyoustationery.com\/es\/wp-json\/wp\/v2\/product\/35342","targetHints":{"allow":["GET"]}}],"collection":[{"href":"http:\/\/shinyyoustationery.com\/es\/wp-json\/wp\/v2\/product"}],"about":[{"href":"http:\/\/shinyyoustationery.com\/es\/wp-json\/wp\/v2\/types\/product"}],"version-history":[{"count":0,"href":"http:\/\/shinyyoustationery.com\/es\/wp-json\/wp\/v2\/product\/35342\/revisions"}],"wp:featuredmedia":[{"embeddable":true,"href":"http:\/\/shinyyoustationery.com\/es\/wp-json\/wp\/v2\/media\/35343"}],"wp:attachment":[{"href":"http:\/\/shinyyoustationery.com\/es\/wp-json\/wp\/v2\/media?parent=35342"}],"wp:term":[{"taxonomy":"product_brand","embeddable":true,"href":"http:\/\/shinyyoustationery.com\/es\/wp-json\/wp\/v2\/product_brand?post=35342"},{"taxonomy":"product_cat","embeddable":true,"href":"http:\/\/shinyyoustationery.com\/es\/wp-json\/wp\/v2\/product_cat?post=35342"},{"taxonomy":"product_tag","embeddable":true,"href":"http:\/\/shinyyoustationery.com\/es\/wp-json\/wp\/v2\/product_tag?post=35342"}],"curies":[{"name":"wp","href":"https:\/\/api.w.org\/{rel}","templated":true}]}}