{"id":35552,"date":"2025-07-14T04:17:04","date_gmt":"2025-07-14T12:17:04","guid":{"rendered":"http:\/\/45.63.70.205\/?post_type=product&#038;p=35552"},"modified":"2025-07-14T04:23:21","modified_gmt":"2025-07-14T12:23:21","slug":"purple-a4-ring-binder-for-school-office","status":"publish","type":"product","link":"http:\/\/shinyyoustationery.com\/es\/purple-a4-ring-binder-for-school-office\/","title":{"rendered":"Carpeta de anillas A4 morada para la escuela y la oficina"},"content":{"rendered":"","protected":false},"excerpt":{"rendered":"<p>Alegra tu espacio de trabajo con la carpeta de anillas A4 Shiny You Sparkle Dreams Purple. Adornada con divertidos unicornios, vibrantes arco iris y mensajes positivos como \"Sue\u00f1a\", \"Brilla\" y \"Cree\", esta carpeta es la elecci\u00f3n ideal para estudiantes, profesores y cualquiera que busque a\u00f1adir un poco de diversi\u00f3n a su organizaci\u00f3n. Fabricada con materiales duraderos, es perfecta para mantener tus documentos seguros y a\u00f1adir un toque de fantas\u00eda a tu oficina o espacio de estudio.<\/p>","protected":false},"featured_media":35553,"template":"","meta":[],"product_brand":[],"product_cat":[413],"product_tag":[],"class_list":{"0":"post-35552","1":"product","2":"type-product","3":"status-publish","4":"has-post-thumbnail","6":"product_cat-ring-binder","8":"first","9":"instock","10":"shipping-taxable","11":"product-type-simple"},"_links":{"self":[{"href":"http:\/\/shinyyoustationery.com\/es\/wp-json\/wp\/v2\/product\/35552","targetHints":{"allow":["GET"]}}],"collection":[{"href":"http:\/\/shinyyoustationery.com\/es\/wp-json\/wp\/v2\/product"}],"about":[{"href":"http:\/\/shinyyoustationery.com\/es\/wp-json\/wp\/v2\/types\/product"}],"version-history":[{"count":0,"href":"http:\/\/shinyyoustationery.com\/es\/wp-json\/wp\/v2\/product\/35552\/revisions"}],"wp:featuredmedia":[{"embeddable":true,"href":"http:\/\/shinyyoustationery.com\/es\/wp-json\/wp\/v2\/media\/35553"}],"wp:attachment":[{"href":"http:\/\/shinyyoustationery.com\/es\/wp-json\/wp\/v2\/media?parent=35552"}],"wp:term":[{"taxonomy":"product_brand","embeddable":true,"href":"http:\/\/shinyyoustationery.com\/es\/wp-json\/wp\/v2\/product_brand?post=35552"},{"taxonomy":"product_cat","embeddable":true,"href":"http:\/\/shinyyoustationery.com\/es\/wp-json\/wp\/v2\/product_cat?post=35552"},{"taxonomy":"product_tag","embeddable":true,"href":"http:\/\/shinyyoustationery.com\/es\/wp-json\/wp\/v2\/product_tag?post=35552"}],"curies":[{"name":"wp","href":"https:\/\/api.w.org\/{rel}","templated":true}]}}