{"id":35561,"date":"2025-07-14T04:29:02","date_gmt":"2025-07-14T12:29:02","guid":{"rendered":"http:\/\/45.63.70.205\/?post_type=product&#038;p=35561"},"modified":"2025-07-14T04:32:40","modified_gmt":"2025-07-14T12:32:40","slug":"purple-a4-ring-binder-eco-friendly-and-stylish-for-home-office","status":"publish","type":"product","link":"http:\/\/shinyyoustationery.com\/es\/purple-a4-ring-binder-eco-friendly-and-stylish-for-home-office\/","title":{"rendered":"Carpeta de anillas A4 morada - Ecol\u00f3gica y elegante para el hogar y la oficina"},"content":{"rendered":"","protected":false},"excerpt":{"rendered":"<p>Muestra tu estilo ecol\u00f3gico con la carpeta de anillas A4 \"Save Paper\" Shiny You de color morado. Con un alegre dise\u00f1o verde y un significativo mensaje, esta carpeta es perfecta para organizar tus documentos importantes de forma respetuosa con el medio ambiente. El relajante color lavanda a\u00f1ade un toque relajante a tu espacio de trabajo, por lo que es una opci\u00f3n ideal tanto para oficinas dom\u00e9sticas como para aulas. Organ\u00edzate y promueve la sostenibilidad con esta encantadora y funcional carpeta.<\/p>","protected":false},"featured_media":35562,"template":"","meta":[],"product_brand":[],"product_cat":[413],"product_tag":[],"class_list":{"0":"post-35561","1":"product","2":"type-product","3":"status-publish","4":"has-post-thumbnail","6":"product_cat-ring-binder","8":"first","9":"instock","10":"shipping-taxable","11":"product-type-simple"},"_links":{"self":[{"href":"http:\/\/shinyyoustationery.com\/es\/wp-json\/wp\/v2\/product\/35561","targetHints":{"allow":["GET"]}}],"collection":[{"href":"http:\/\/shinyyoustationery.com\/es\/wp-json\/wp\/v2\/product"}],"about":[{"href":"http:\/\/shinyyoustationery.com\/es\/wp-json\/wp\/v2\/types\/product"}],"version-history":[{"count":0,"href":"http:\/\/shinyyoustationery.com\/es\/wp-json\/wp\/v2\/product\/35561\/revisions"}],"wp:featuredmedia":[{"embeddable":true,"href":"http:\/\/shinyyoustationery.com\/es\/wp-json\/wp\/v2\/media\/35562"}],"wp:attachment":[{"href":"http:\/\/shinyyoustationery.com\/es\/wp-json\/wp\/v2\/media?parent=35561"}],"wp:term":[{"taxonomy":"product_brand","embeddable":true,"href":"http:\/\/shinyyoustationery.com\/es\/wp-json\/wp\/v2\/product_brand?post=35561"},{"taxonomy":"product_cat","embeddable":true,"href":"http:\/\/shinyyoustationery.com\/es\/wp-json\/wp\/v2\/product_cat?post=35561"},{"taxonomy":"product_tag","embeddable":true,"href":"http:\/\/shinyyoustationery.com\/es\/wp-json\/wp\/v2\/product_tag?post=35561"}],"curies":[{"name":"wp","href":"https:\/\/api.w.org\/{rel}","templated":true}]}}