{"id":35944,"date":"2025-07-29T00:34:42","date_gmt":"2025-07-29T08:34:42","guid":{"rendered":"http:\/\/45.63.70.205\/?post_type=product&#038;p=35944"},"modified":"2026-02-05T20:52:40","modified_gmt":"2026-02-05T12:52:40","slug":"wholesale-custom-reusable-water-coloring-painting-book-for-kids-with-doodle-pen","status":"publish","type":"product","link":"http:\/\/shinyyoustationery.com\/es\/wholesale-custom-reusable-water-coloring-painting-book-for-kids-with-doodle-pen\/","title":{"rendered":"Mayorista Libro reutilizable para colorear con agua para ni\u00f1os con bol\u00edgrafo Doodle"},"content":{"rendered":"<p data-start=\"87\" data-end=\"337\">Unleash your child\u2019s creativity with our <strong data-start=\"128\" data-end=\"195\">Wholesale Custom Reusable Water Coloring Painting Book for Kids<\/strong>! This innovative workbook comes with a <strong data-start=\"235\" data-end=\"249\">doodle pen<\/strong> and reusable water pages, making it a fun, mess-free way for children to explore art.<\/p>\n<ul data-start=\"339\" data-end=\"973\">\n<li data-start=\"339\" data-end=\"484\">\n<p data-start=\"341\" data-end=\"484\"><strong data-start=\"341\" data-end=\"369\">Reusable &amp; Eco-Friendly:<\/strong> Simply use water with the included doodle pen \u2013 colors appear magically and fade when dry, ready to paint again.<\/p>\n<\/li>\n<li data-start=\"485\" data-end=\"630\">\n<p data-start=\"487\" data-end=\"630\"><strong data-start=\"487\" data-end=\"506\">All-in-One Fun:<\/strong> Caracter\u00edsticas <strong data-start=\"516\" data-end=\"560\">fun illustrations and drawing activities<\/strong> designed for kids to practice creativity and hand-eye coordination.<\/p>\n<\/li>\n<li data-start=\"631\" data-end=\"730\">\n<p data-start=\"633\" data-end=\"730\"><strong data-start=\"633\" data-end=\"659\">Safe &amp; Child-Friendly:<\/strong> Made from <strong data-start=\"670\" data-end=\"702\">non-toxic, durable materials<\/strong> perfect for repeated use.<\/p>\n<\/li>\n<li data-start=\"731\" data-end=\"842\">\n<p data-start=\"733\" data-end=\"842\"><strong data-start=\"733\" data-end=\"758\">Portable &amp; Mess-Free:<\/strong> Great for home, travel, or classroom use without worrying about spills or stains.<\/p>\n<\/li>\n<li data-start=\"843\" data-end=\"973\">\n<p data-start=\"845\" data-end=\"973\"><strong data-start=\"845\" data-end=\"876\">Customizable for Wholesale:<\/strong> Ideal para <strong data-start=\"887\" data-end=\"932\">educational stores, schools, or retailers<\/strong> looking to offer branded art supplies.<\/p>\n<\/li>\n<\/ul>\n<p data-start=\"975\" data-end=\"1137\">Keep kids entertained while helping them <strong data-start=\"1016\" data-end=\"1074\">learn, practice drawing, and develop fine motor skills<\/strong> with a fun, reusable, and eco-conscious coloring experience!<\/p>","protected":false},"excerpt":{"rendered":"<ul>\n<li><strong>Set completo de dibujo y coloreado<\/strong> - Libro para colorear con Doddle Sketch Pen e im\u00e1genes de vivos colores<\/li>\n<li><strong>Utilizable sin fin<\/strong> - Libros para colorear con agua REUTILIZABLES para ni\u00f1os<\/li>\n<li><strong>Libro de pintura con cuadros esbozados<\/strong> - Viene con 8 p\u00e1ginas - 4 p\u00e1ginas para colorear y 4 p\u00e1ginas de actividad<\/li>\n<li><strong>Aprender jugando<\/strong> - Colores vivos para que los ni\u00f1os puedan dibujar mientras conocen una serie de simp\u00e1ticos animales y colores, aprendiendo mientras juegan y se divierten, cultivando el inter\u00e9s de los ni\u00f1os por aprender y construyendo un puente para que exploren el mundo<\/li>\n<li><strong>Desarrollo temprano para ni\u00f1os mayores de 2 a\u00f1os<\/strong> - Un libro perfecto para los ni\u00f1os que empiezan a aprender a leer y escribir.<\/li>\n<li><strong>C\u00f3mo funciona<\/strong> - A\u00f1ade agua al rotulador doddle , Colorea la p\u00e1gina con el rotulador m\u00e1gico , Las zonas coloreadas se ir\u00e1n difuminando gradualmente al cabo de unos 5 o 10 minutos, a medida que se sequen las zonas coloreadas, y las p\u00e1ginas se podr\u00e1n colorear de nuevo.<\/li>\n<\/ul>","protected":false},"featured_media":35949,"template":"","meta":[],"product_brand":[],"product_cat":[728,702],"product_tag":[],"class_list":{"0":"post-35944","1":"product","2":"type-product","3":"status-publish","4":"has-post-thumbnail","6":"product_cat-colouring-book","7":"product_cat-arts-crafts-collection","9":"first","10":"instock","11":"shipping-taxable","12":"product-type-simple"},"_links":{"self":[{"href":"http:\/\/shinyyoustationery.com\/es\/wp-json\/wp\/v2\/product\/35944","targetHints":{"allow":["GET"]}}],"collection":[{"href":"http:\/\/shinyyoustationery.com\/es\/wp-json\/wp\/v2\/product"}],"about":[{"href":"http:\/\/shinyyoustationery.com\/es\/wp-json\/wp\/v2\/types\/product"}],"version-history":[{"count":0,"href":"http:\/\/shinyyoustationery.com\/es\/wp-json\/wp\/v2\/product\/35944\/revisions"}],"wp:featuredmedia":[{"embeddable":true,"href":"http:\/\/shinyyoustationery.com\/es\/wp-json\/wp\/v2\/media\/35949"}],"wp:attachment":[{"href":"http:\/\/shinyyoustationery.com\/es\/wp-json\/wp\/v2\/media?parent=35944"}],"wp:term":[{"taxonomy":"product_brand","embeddable":true,"href":"http:\/\/shinyyoustationery.com\/es\/wp-json\/wp\/v2\/product_brand?post=35944"},{"taxonomy":"product_cat","embeddable":true,"href":"http:\/\/shinyyoustationery.com\/es\/wp-json\/wp\/v2\/product_cat?post=35944"},{"taxonomy":"product_tag","embeddable":true,"href":"http:\/\/shinyyoustationery.com\/es\/wp-json\/wp\/v2\/product_tag?post=35944"}],"curies":[{"name":"wp","href":"https:\/\/api.w.org\/{rel}","templated":true}]}}