{"id":35946,"date":"2025-07-29T00:24:52","date_gmt":"2025-07-29T08:24:52","guid":{"rendered":"http:\/\/45.63.70.205\/?post_type=product&#038;p=35946"},"modified":"2025-07-29T00:57:59","modified_gmt":"2025-07-29T08:57:59","slug":"wholesale-custom-reusable-magic-water-books-for-kids-with-doodle-pen-board","status":"publish","type":"product","link":"http:\/\/shinyyoustationery.com\/es\/wholesale-custom-reusable-magic-water-books-for-kids-with-doodle-pen-board\/","title":{"rendered":"Mayorista Libros de agua m\u00e1gicos reutilizables personalizados para ni\u00f1os con tablero para garabatos"},"content":{"rendered":"<p>Libros para colorear de agua \u00fanicos? Este nuevo dise\u00f1o de libros reutilizables para colorear con agua para ni\u00f1os incluye varios dibujos animados y dise\u00f1os educativos. El tama\u00f1o perfecto para poner en la bolsa de mano de su hijo y acompa\u00f1arlo en cada viaje.<br \/>\n\u00bfMaterial no t\u00f3xico? El revestimiento de nuestro libro m\u00e1gico est\u00e1 fabricado con materiales reutilizables seguros y respetuosos con el medio ambiente, por lo que las creaciones de los ni\u00f1os no est\u00e1n limitadas por la tinta y la pintura, basta con llenar el bol\u00edgrafo con agua para empezar horas de diversi\u00f3n creativa. Como madre, ya no tendr\u00e1 que preocuparse de que su hijo se manche de pintura mientras dibuja.<\/p>\n<ul>\n<li><strong>Dise\u00f1o sin l\u00edos:<\/strong> Los l\u00e1pices de acuarela est\u00e1n especialmente dise\u00f1ados para no gotear ni derramarse, manteniendo limpias las manos y los espacios de trabajo de los m\u00e1s peque\u00f1os.<\/li>\n<li><strong>\u00bfAprender jugando?<\/strong> Los cuadernos de dibujo acu\u00e1tico tienen patrones claros y diversos y colores brillantes, para que los ni\u00f1os puedan dibujar mientras conocen una serie de simp\u00e1ticos animales y colores, aprendiendo mientras juegan y se divierten, cultivando el inter\u00e9s de los ni\u00f1os por el aprendizaje y construyendo un puente para que exploren el mundo.<\/li>\n<li><strong>Regalos populares y creativos:<\/strong> Con suficientes paquetes, los ni\u00f1os y las ni\u00f1as ambos estilos aplicables, colores vibrantes, m\u00e9todo de uso conveniente y \u00fanico dise\u00f1o limpio reutilizable, el libro de agua es perfecto para un regalo<\/li>\n<li><strong>Regalo creativo de devoluci\u00f3n de cumplea\u00f1os para ni\u00f1os:<\/strong> Este libro para colorear como regalo de cumplea\u00f1os infantil al por mayor puede utilizarse no s\u00f3lo como juguete, sino tambi\u00e9n para desarrollar las capacidades manipulativas, imaginativas y creativas de los ni\u00f1os. El libro para colorear de agua para ni\u00f1os se puede combinar en una variedad de formas. A los ni\u00f1os les encanta este regalo de vuelta para cumplea\u00f1os y disfrutan dibujando en estas coloridas hojas cuando lo reciben como regalo de vuelta para fiesta de cumplea\u00f1os infantil.<\/li>\n<\/ul>","protected":false},"excerpt":{"rendered":"<p>Unique Water Coloring Books? This newly designed Reusable water coloring books for kids includes multi cartoon and educational designs. The<\/p>","protected":false},"featured_media":35968,"template":"","meta":[],"product_brand":[],"product_cat":[728,702],"product_tag":[],"class_list":{"0":"post-35946","1":"product","2":"type-product","3":"status-publish","4":"has-post-thumbnail","6":"product_cat-colouring-book","7":"product_cat-arts-crafts-collection","9":"first","10":"instock","11":"shipping-taxable","12":"product-type-simple"},"_links":{"self":[{"href":"http:\/\/shinyyoustationery.com\/es\/wp-json\/wp\/v2\/product\/35946","targetHints":{"allow":["GET"]}}],"collection":[{"href":"http:\/\/shinyyoustationery.com\/es\/wp-json\/wp\/v2\/product"}],"about":[{"href":"http:\/\/shinyyoustationery.com\/es\/wp-json\/wp\/v2\/types\/product"}],"version-history":[{"count":0,"href":"http:\/\/shinyyoustationery.com\/es\/wp-json\/wp\/v2\/product\/35946\/revisions"}],"wp:featuredmedia":[{"embeddable":true,"href":"http:\/\/shinyyoustationery.com\/es\/wp-json\/wp\/v2\/media\/35968"}],"wp:attachment":[{"href":"http:\/\/shinyyoustationery.com\/es\/wp-json\/wp\/v2\/media?parent=35946"}],"wp:term":[{"taxonomy":"product_brand","embeddable":true,"href":"http:\/\/shinyyoustationery.com\/es\/wp-json\/wp\/v2\/product_brand?post=35946"},{"taxonomy":"product_cat","embeddable":true,"href":"http:\/\/shinyyoustationery.com\/es\/wp-json\/wp\/v2\/product_cat?post=35946"},{"taxonomy":"product_tag","embeddable":true,"href":"http:\/\/shinyyoustationery.com\/es\/wp-json\/wp\/v2\/product_tag?post=35946"}],"curies":[{"name":"wp","href":"https:\/\/api.w.org\/{rel}","templated":true}]}}