{"id":29395,"date":"2025-05-18T21:55:08","date_gmt":"2025-05-19T05:55:08","guid":{"rendered":"http:\/\/45.63.70.205\/?post_type=product&#038;p=29395"},"modified":"2025-07-02T19:51:31","modified_gmt":"2025-07-02T11:51:31","slug":"wholesale-custom-metal-ballpoint-pen-syg25049-for-office-school","status":"publish","type":"product","link":"http:\/\/shinyyoustationery.com\/fr\/wholesale-custom-metal-ballpoint-pen-syg25049-for-office-school\/","title":{"rendered":"Stylo \u00e0 bille en m\u00e9tal personnalis\u00e9 SYG25049 pour le bureau et l'\u00e9cole"},"content":{"rendered":"","protected":false},"excerpt":{"rendered":"","protected":false},"featured_media":32794,"template":"","meta":[],"product_brand":[],"product_cat":[681,410,415,479],"product_tag":[],"class_list":{"0":"post-29395","1":"product","2":"type-product","3":"status-publish","4":"has-post-thumbnail","6":"product_cat-green-collection","7":"product_cat-writing-instruments","8":"product_cat-pen","9":"product_cat-ballpoint-pen","11":"first","12":"instock","13":"shipping-taxable","14":"product-type-simple"},"_links":{"self":[{"href":"http:\/\/shinyyoustationery.com\/fr\/wp-json\/wp\/v2\/product\/29395","targetHints":{"allow":["GET"]}}],"collection":[{"href":"http:\/\/shinyyoustationery.com\/fr\/wp-json\/wp\/v2\/product"}],"about":[{"href":"http:\/\/shinyyoustationery.com\/fr\/wp-json\/wp\/v2\/types\/product"}],"version-history":[{"count":0,"href":"http:\/\/shinyyoustationery.com\/fr\/wp-json\/wp\/v2\/product\/29395\/revisions"}],"wp:featuredmedia":[{"embeddable":true,"href":"http:\/\/shinyyoustationery.com\/fr\/wp-json\/wp\/v2\/media\/32794"}],"wp:attachment":[{"href":"http:\/\/shinyyoustationery.com\/fr\/wp-json\/wp\/v2\/media?parent=29395"}],"wp:term":[{"taxonomy":"product_brand","embeddable":true,"href":"http:\/\/shinyyoustationery.com\/fr\/wp-json\/wp\/v2\/product_brand?post=29395"},{"taxonomy":"product_cat","embeddable":true,"href":"http:\/\/shinyyoustationery.com\/fr\/wp-json\/wp\/v2\/product_cat?post=29395"},{"taxonomy":"product_tag","embeddable":true,"href":"http:\/\/shinyyoustationery.com\/fr\/wp-json\/wp\/v2\/product_tag?post=29395"}],"curies":[{"name":"wp","href":"https:\/\/api.w.org\/{rel}","templated":true}]}}