{"id":29560,"date":"2025-05-19T19:31:08","date_gmt":"2025-05-20T03:31:08","guid":{"rendered":"http:\/\/45.63.70.205\/?post_type=product&#038;p=29560"},"modified":"2025-07-07T10:28:44","modified_gmt":"2025-07-07T02:28:44","slug":"wholesale-custom-syg25004-pen-pencil-case-set","status":"publish","type":"product","link":"http:\/\/shinyyoustationery.com\/fr\/wholesale-custom-syg25004-pen-pencil-case-set\/","title":{"rendered":"Wholesale Custom SYG25004 Set d'\u00e9tuis \u00e0 stylos et \u00e0 crayons"},"content":{"rendered":"","protected":false},"excerpt":{"rendered":"","protected":false},"featured_media":34734,"template":"","meta":[],"product_brand":[],"product_cat":[331,404,406,477,681],"product_tag":[],"class_list":{"0":"post-29560","1":"product","2":"type-product","3":"status-publish","4":"has-post-thumbnail","6":"product_cat-stationery-set","7":"product_cat-bags-cases","8":"product_cat-gifts","9":"product_cat-school-bags","10":"product_cat-green-collection","12":"first","13":"instock","14":"shipping-taxable","15":"product-type-simple"},"_links":{"self":[{"href":"http:\/\/shinyyoustationery.com\/fr\/wp-json\/wp\/v2\/product\/29560","targetHints":{"allow":["GET"]}}],"collection":[{"href":"http:\/\/shinyyoustationery.com\/fr\/wp-json\/wp\/v2\/product"}],"about":[{"href":"http:\/\/shinyyoustationery.com\/fr\/wp-json\/wp\/v2\/types\/product"}],"version-history":[{"count":0,"href":"http:\/\/shinyyoustationery.com\/fr\/wp-json\/wp\/v2\/product\/29560\/revisions"}],"wp:featuredmedia":[{"embeddable":true,"href":"http:\/\/shinyyoustationery.com\/fr\/wp-json\/wp\/v2\/media\/34734"}],"wp:attachment":[{"href":"http:\/\/shinyyoustationery.com\/fr\/wp-json\/wp\/v2\/media?parent=29560"}],"wp:term":[{"taxonomy":"product_brand","embeddable":true,"href":"http:\/\/shinyyoustationery.com\/fr\/wp-json\/wp\/v2\/product_brand?post=29560"},{"taxonomy":"product_cat","embeddable":true,"href":"http:\/\/shinyyoustationery.com\/fr\/wp-json\/wp\/v2\/product_cat?post=29560"},{"taxonomy":"product_tag","embeddable":true,"href":"http:\/\/shinyyoustationery.com\/fr\/wp-json\/wp\/v2\/product_tag?post=29560"}],"curies":[{"name":"wp","href":"https:\/\/api.w.org\/{rel}","templated":true}]}}