{"id":29807,"date":"2025-05-20T18:37:08","date_gmt":"2025-05-21T02:37:08","guid":{"rendered":"http:\/\/45.63.70.205\/?post_type=product&#038;p=29807"},"modified":"2025-08-13T04:06:42","modified_gmt":"2025-08-13T12:06:42","slug":"wholesale-custom-lemon-print-paper-tray-with-blue-interior","status":"publish","type":"product","link":"http:\/\/shinyyoustationery.com\/fr\/wholesale-custom-lemon-print-paper-tray-with-blue-interior\/","title":{"rendered":"Grossiste Plateau en papier imprim\u00e9 citron personnalis\u00e9 avec int\u00e9rieur bleu"},"content":{"rendered":"","protected":false},"excerpt":{"rendered":"","protected":false},"featured_media":33099,"template":"","meta":[],"product_brand":[],"product_cat":[395,427,429,430,451,515,682],"product_tag":[],"class_list":{"0":"post-29807","1":"product","2":"type-product","3":"status-publish","4":"has-post-thumbnail","6":"product_cat-organizational-tools","7":"product_cat-desk-organizer","8":"product_cat-file-tray","9":"product_cat-paper-tray","10":"product_cat-file-organizer","11":"product_cat-desk-tray","12":"product_cat-lemon-collection","14":"first","15":"instock","16":"shipping-taxable","17":"product-type-simple"},"_links":{"self":[{"href":"http:\/\/shinyyoustationery.com\/fr\/wp-json\/wp\/v2\/product\/29807","targetHints":{"allow":["GET"]}}],"collection":[{"href":"http:\/\/shinyyoustationery.com\/fr\/wp-json\/wp\/v2\/product"}],"about":[{"href":"http:\/\/shinyyoustationery.com\/fr\/wp-json\/wp\/v2\/types\/product"}],"version-history":[{"count":0,"href":"http:\/\/shinyyoustationery.com\/fr\/wp-json\/wp\/v2\/product\/29807\/revisions"}],"wp:featuredmedia":[{"embeddable":true,"href":"http:\/\/shinyyoustationery.com\/fr\/wp-json\/wp\/v2\/media\/33099"}],"wp:attachment":[{"href":"http:\/\/shinyyoustationery.com\/fr\/wp-json\/wp\/v2\/media?parent=29807"}],"wp:term":[{"taxonomy":"product_brand","embeddable":true,"href":"http:\/\/shinyyoustationery.com\/fr\/wp-json\/wp\/v2\/product_brand?post=29807"},{"taxonomy":"product_cat","embeddable":true,"href":"http:\/\/shinyyoustationery.com\/fr\/wp-json\/wp\/v2\/product_cat?post=29807"},{"taxonomy":"product_tag","embeddable":true,"href":"http:\/\/shinyyoustationery.com\/fr\/wp-json\/wp\/v2\/product_tag?post=29807"}],"curies":[{"name":"wp","href":"https:\/\/api.w.org\/{rel}","templated":true}]}}