{"id":29823,"date":"2025-05-20T19:32:06","date_gmt":"2025-05-21T03:32:06","guid":{"rendered":"http:\/\/45.63.70.205\/?post_type=product&#038;p=29823"},"modified":"2025-06-20T01:44:09","modified_gmt":"2025-06-20T09:44:09","slug":"wholesale-custom-green-solar-powered-calculator-for-office-home","status":"publish","type":"product","link":"http:\/\/shinyyoustationery.com\/fr\/wholesale-custom-green-solar-powered-calculator-for-office-home\/","title":{"rendered":"Calculatrice solaire verte pour le bureau et la maison"},"content":{"rendered":"","protected":false},"excerpt":{"rendered":"<p>Cette calculatrice verte \u00e0 \u00e9nergie solaire est dot\u00e9e de grandes touches faciles \u00e0 presser et d'une fonction de chargement solaire, ce qui la rend \u00e0 la fois \u00e9conome en \u00e9nergie et conviviale. Parfaite pour les calculs quotidiens au bureau ou \u00e0 la maison, elle \u00e9limine le besoin de piles tout en offrant des performances fiables.<\/p>","protected":false},"featured_media":32912,"template":"","meta":[],"product_brand":[],"product_cat":[681,333,397,426],"product_tag":[],"class_list":{"0":"post-29823","1":"product","2":"type-product","3":"status-publish","4":"has-post-thumbnail","6":"product_cat-green-collection","7":"product_cat-office-stationery","8":"product_cat-basic-office-stationery","9":"product_cat-calculator","11":"first","12":"instock","13":"shipping-taxable","14":"product-type-simple"},"_links":{"self":[{"href":"http:\/\/shinyyoustationery.com\/fr\/wp-json\/wp\/v2\/product\/29823","targetHints":{"allow":["GET"]}}],"collection":[{"href":"http:\/\/shinyyoustationery.com\/fr\/wp-json\/wp\/v2\/product"}],"about":[{"href":"http:\/\/shinyyoustationery.com\/fr\/wp-json\/wp\/v2\/types\/product"}],"version-history":[{"count":0,"href":"http:\/\/shinyyoustationery.com\/fr\/wp-json\/wp\/v2\/product\/29823\/revisions"}],"wp:featuredmedia":[{"embeddable":true,"href":"http:\/\/shinyyoustationery.com\/fr\/wp-json\/wp\/v2\/media\/32912"}],"wp:attachment":[{"href":"http:\/\/shinyyoustationery.com\/fr\/wp-json\/wp\/v2\/media?parent=29823"}],"wp:term":[{"taxonomy":"product_brand","embeddable":true,"href":"http:\/\/shinyyoustationery.com\/fr\/wp-json\/wp\/v2\/product_brand?post=29823"},{"taxonomy":"product_cat","embeddable":true,"href":"http:\/\/shinyyoustationery.com\/fr\/wp-json\/wp\/v2\/product_cat?post=29823"},{"taxonomy":"product_tag","embeddable":true,"href":"http:\/\/shinyyoustationery.com\/fr\/wp-json\/wp\/v2\/product_tag?post=29823"}],"curies":[{"name":"wp","href":"https:\/\/api.w.org\/{rel}","templated":true}]}}