{"id":29826,"date":"2025-05-20T21:09:15","date_gmt":"2025-05-21T05:09:15","guid":{"rendered":"http:\/\/45.63.70.205\/?post_type=product&#038;p=29826"},"modified":"2025-06-20T01:46:06","modified_gmt":"2025-06-20T09:46:06","slug":"wholesale-custom-green-solar-powered-calculator-eco-friendly-design","status":"publish","type":"product","link":"http:\/\/shinyyoustationery.com\/fr\/wholesale-custom-green-solar-powered-calculator-eco-friendly-design\/","title":{"rendered":"Calculatrice \u00e0 \u00e9nergie solaire verte, design respectueux de l'environnement"},"content":{"rendered":"","protected":false},"excerpt":{"rendered":"<p>Cette calculatrice solaire verte compacte (6x2x11 cm) est dot\u00e9e de boutons faciles \u00e0 presser et d'une fonction de chargement solaire, ce qui \u00e9limine le besoin de piles. Id\u00e9ale pour les calculs quotidiens au bureau ou \u00e0 la maison, elle offre une solution pratique et \u00e9cologique au design \u00e9pur\u00e9.<\/p>","protected":false},"featured_media":32914,"template":"","meta":[],"product_brand":[],"product_cat":[333,397,426,681],"product_tag":[],"class_list":{"0":"post-29826","1":"product","2":"type-product","3":"status-publish","4":"has-post-thumbnail","6":"product_cat-office-stationery","7":"product_cat-basic-office-stationery","8":"product_cat-calculator","9":"product_cat-green-collection","11":"first","12":"instock","13":"shipping-taxable","14":"product-type-simple"},"_links":{"self":[{"href":"http:\/\/shinyyoustationery.com\/fr\/wp-json\/wp\/v2\/product\/29826","targetHints":{"allow":["GET"]}}],"collection":[{"href":"http:\/\/shinyyoustationery.com\/fr\/wp-json\/wp\/v2\/product"}],"about":[{"href":"http:\/\/shinyyoustationery.com\/fr\/wp-json\/wp\/v2\/types\/product"}],"version-history":[{"count":0,"href":"http:\/\/shinyyoustationery.com\/fr\/wp-json\/wp\/v2\/product\/29826\/revisions"}],"wp:featuredmedia":[{"embeddable":true,"href":"http:\/\/shinyyoustationery.com\/fr\/wp-json\/wp\/v2\/media\/32914"}],"wp:attachment":[{"href":"http:\/\/shinyyoustationery.com\/fr\/wp-json\/wp\/v2\/media?parent=29826"}],"wp:term":[{"taxonomy":"product_brand","embeddable":true,"href":"http:\/\/shinyyoustationery.com\/fr\/wp-json\/wp\/v2\/product_brand?post=29826"},{"taxonomy":"product_cat","embeddable":true,"href":"http:\/\/shinyyoustationery.com\/fr\/wp-json\/wp\/v2\/product_cat?post=29826"},{"taxonomy":"product_tag","embeddable":true,"href":"http:\/\/shinyyoustationery.com\/fr\/wp-json\/wp\/v2\/product_tag?post=29826"}],"curies":[{"name":"wp","href":"https:\/\/api.w.org\/{rel}","templated":true}]}}