{"id":29838,"date":"2025-05-20T21:49:36","date_gmt":"2025-05-21T05:49:36","guid":{"rendered":"http:\/\/45.63.70.205\/?post_type=product&#038;p=29838"},"modified":"2025-06-20T01:53:09","modified_gmt":"2025-06-20T09:53:09","slug":"wholesale-custom-syg25092-green-solar-powered-calculator","status":"publish","type":"product","link":"http:\/\/shinyyoustationery.com\/fr\/wholesale-custom-syg25092-green-solar-powered-calculator\/","title":{"rendered":"Wholesale Custom SYG25092 Calculatrice verte \u00e0 \u00e9nergie solaire"},"content":{"rendered":"","protected":false},"excerpt":{"rendered":"<p>Cette calculatrice solaire verte et \u00e9cologique est dot\u00e9e de gros boutons pour une utilisation facile et confortable. Gr\u00e2ce \u00e0 sa taille compacte, elle constitue un outil fiable pour les calculs quotidiens \u00e0 la maison ou au bureau, et sa fonction d'alimentation solaire vous permet de ne pas vous soucier des piles.<\/p>","protected":false},"featured_media":32924,"template":"","meta":[],"product_brand":[],"product_cat":[333,397,426,681],"product_tag":[],"class_list":{"0":"post-29838","1":"product","2":"type-product","3":"status-publish","4":"has-post-thumbnail","6":"product_cat-office-stationery","7":"product_cat-basic-office-stationery","8":"product_cat-calculator","9":"product_cat-green-collection","11":"first","12":"instock","13":"featured","14":"shipping-taxable","15":"product-type-simple"},"_links":{"self":[{"href":"http:\/\/shinyyoustationery.com\/fr\/wp-json\/wp\/v2\/product\/29838","targetHints":{"allow":["GET"]}}],"collection":[{"href":"http:\/\/shinyyoustationery.com\/fr\/wp-json\/wp\/v2\/product"}],"about":[{"href":"http:\/\/shinyyoustationery.com\/fr\/wp-json\/wp\/v2\/types\/product"}],"version-history":[{"count":0,"href":"http:\/\/shinyyoustationery.com\/fr\/wp-json\/wp\/v2\/product\/29838\/revisions"}],"wp:featuredmedia":[{"embeddable":true,"href":"http:\/\/shinyyoustationery.com\/fr\/wp-json\/wp\/v2\/media\/32924"}],"wp:attachment":[{"href":"http:\/\/shinyyoustationery.com\/fr\/wp-json\/wp\/v2\/media?parent=29838"}],"wp:term":[{"taxonomy":"product_brand","embeddable":true,"href":"http:\/\/shinyyoustationery.com\/fr\/wp-json\/wp\/v2\/product_brand?post=29838"},{"taxonomy":"product_cat","embeddable":true,"href":"http:\/\/shinyyoustationery.com\/fr\/wp-json\/wp\/v2\/product_cat?post=29838"},{"taxonomy":"product_tag","embeddable":true,"href":"http:\/\/shinyyoustationery.com\/fr\/wp-json\/wp\/v2\/product_tag?post=29838"}],"curies":[{"name":"wp","href":"https:\/\/api.w.org\/{rel}","templated":true}]}}