{"id":29852,"date":"2025-05-20T22:10:06","date_gmt":"2025-05-21T06:10:06","guid":{"rendered":"http:\/\/45.63.70.205\/?post_type=product&#038;p=29852"},"modified":"2025-06-20T01:59:37","modified_gmt":"2025-06-20T09:59:37","slug":"wholesale-custom-syg25095-green-solar-powered-pocket-calculator-with-eco-friendly-design","status":"publish","type":"product","link":"http:\/\/shinyyoustationery.com\/fr\/wholesale-custom-syg25095-green-solar-powered-pocket-calculator-with-eco-friendly-design\/","title":{"rendered":"Wholesale Custom SYG25095 Calculatrice de poche verte \u00e0 \u00e9nergie solaire avec un design respectueux de l'environnement"},"content":{"rendered":"","protected":false},"excerpt":{"rendered":"<p>Cette calculatrice verte compacte et \u00e9cologique est dot\u00e9e de grandes touches faciles \u00e0 presser pour une utilisation confortable. Aliment\u00e9e par l'\u00e9nergie solaire, elle ne n\u00e9cessite pas de piles, ce qui en fait un choix pratique et durable pour les calculs quotidiens \u00e0 la maison ou au bureau.<\/p>\n<p>&nbsp;<\/p>\n<p>&nbsp;<\/p>\n<p>&nbsp;<\/p>","protected":false},"featured_media":32931,"template":"","meta":[],"product_brand":[],"product_cat":[681,333,397,426],"product_tag":[],"class_list":{"0":"post-29852","1":"product","2":"type-product","3":"status-publish","4":"has-post-thumbnail","6":"product_cat-green-collection","7":"product_cat-office-stationery","8":"product_cat-basic-office-stationery","9":"product_cat-calculator","11":"first","12":"instock","13":"shipping-taxable","14":"product-type-simple"},"_links":{"self":[{"href":"http:\/\/shinyyoustationery.com\/fr\/wp-json\/wp\/v2\/product\/29852","targetHints":{"allow":["GET"]}}],"collection":[{"href":"http:\/\/shinyyoustationery.com\/fr\/wp-json\/wp\/v2\/product"}],"about":[{"href":"http:\/\/shinyyoustationery.com\/fr\/wp-json\/wp\/v2\/types\/product"}],"version-history":[{"count":0,"href":"http:\/\/shinyyoustationery.com\/fr\/wp-json\/wp\/v2\/product\/29852\/revisions"}],"wp:featuredmedia":[{"embeddable":true,"href":"http:\/\/shinyyoustationery.com\/fr\/wp-json\/wp\/v2\/media\/32931"}],"wp:attachment":[{"href":"http:\/\/shinyyoustationery.com\/fr\/wp-json\/wp\/v2\/media?parent=29852"}],"wp:term":[{"taxonomy":"product_brand","embeddable":true,"href":"http:\/\/shinyyoustationery.com\/fr\/wp-json\/wp\/v2\/product_brand?post=29852"},{"taxonomy":"product_cat","embeddable":true,"href":"http:\/\/shinyyoustationery.com\/fr\/wp-json\/wp\/v2\/product_cat?post=29852"},{"taxonomy":"product_tag","embeddable":true,"href":"http:\/\/shinyyoustationery.com\/fr\/wp-json\/wp\/v2\/product_tag?post=29852"}],"curies":[{"name":"wp","href":"https:\/\/api.w.org\/{rel}","templated":true}]}}