{"id":29883,"date":"2025-05-20T23:25:33","date_gmt":"2025-05-21T07:25:33","guid":{"rendered":"http:\/\/45.63.70.205\/?post_type=product&#038;p=29883"},"modified":"2025-06-20T02:06:02","modified_gmt":"2025-06-20T10:06:02","slug":"wholesale-custom-stylish-green-and-gold-stapler-for-office-home","status":"publish","type":"product","link":"http:\/\/shinyyoustationery.com\/fr\/wholesale-custom-stylish-green-and-gold-stapler-for-office-home\/","title":{"rendered":"Wholesale Custom Stylish Green and Gold Stapler for Office &amp; Home (agrafeuse verte et dor\u00e9e pour le bureau et la maison)"},"content":{"rendered":"","protected":false},"excerpt":{"rendered":"<p>Cette \u00e9l\u00e9gante agrafeuse verte et dor\u00e9e allie fonctionnalit\u00e9 et design \u00e9pur\u00e9. Parfaite pour le bureau ou la maison, elle permet d'agrafer en douceur et est facile \u00e0 charger et \u00e0 utiliser. Sa combinaison unique de couleurs vert et or ajoute une touche de style \u00e0 tout espace de travail.<\/p>","protected":false},"featured_media":32942,"template":"","meta":[],"product_brand":[],"product_cat":[333,397,433,681],"product_tag":[],"class_list":{"0":"post-29883","1":"product","2":"type-product","3":"status-publish","4":"has-post-thumbnail","6":"product_cat-office-stationery","7":"product_cat-basic-office-stationery","8":"product_cat-stapler","9":"product_cat-green-collection","11":"first","12":"instock","13":"shipping-taxable","14":"product-type-simple"},"_links":{"self":[{"href":"http:\/\/shinyyoustationery.com\/fr\/wp-json\/wp\/v2\/product\/29883","targetHints":{"allow":["GET"]}}],"collection":[{"href":"http:\/\/shinyyoustationery.com\/fr\/wp-json\/wp\/v2\/product"}],"about":[{"href":"http:\/\/shinyyoustationery.com\/fr\/wp-json\/wp\/v2\/types\/product"}],"version-history":[{"count":0,"href":"http:\/\/shinyyoustationery.com\/fr\/wp-json\/wp\/v2\/product\/29883\/revisions"}],"wp:featuredmedia":[{"embeddable":true,"href":"http:\/\/shinyyoustationery.com\/fr\/wp-json\/wp\/v2\/media\/32942"}],"wp:attachment":[{"href":"http:\/\/shinyyoustationery.com\/fr\/wp-json\/wp\/v2\/media?parent=29883"}],"wp:term":[{"taxonomy":"product_brand","embeddable":true,"href":"http:\/\/shinyyoustationery.com\/fr\/wp-json\/wp\/v2\/product_brand?post=29883"},{"taxonomy":"product_cat","embeddable":true,"href":"http:\/\/shinyyoustationery.com\/fr\/wp-json\/wp\/v2\/product_cat?post=29883"},{"taxonomy":"product_tag","embeddable":true,"href":"http:\/\/shinyyoustationery.com\/fr\/wp-json\/wp\/v2\/product_tag?post=29883"}],"curies":[{"name":"wp","href":"https:\/\/api.w.org\/{rel}","templated":true}]}}