{"id":29889,"date":"2025-05-20T23:34:20","date_gmt":"2025-05-21T07:34:20","guid":{"rendered":"http:\/\/45.63.70.205\/?post_type=product&#038;p=29889"},"modified":"2025-06-20T02:06:49","modified_gmt":"2025-06-20T10:06:49","slug":"wholesale-custom-elegant-green-tape-dispenser-with-gold-accents","status":"publish","type":"product","link":"http:\/\/shinyyoustationery.com\/fr\/wholesale-custom-elegant-green-tape-dispenser-with-gold-accents\/","title":{"rendered":"Wholesale Custom Elegant Green Tape Dispenser with Gold Accents (Distributeur de ruban vert \u00e9l\u00e9gant avec des accents dor\u00e9s)"},"content":{"rendered":"","protected":false},"excerpt":{"rendered":"<p>Cet \u00e9l\u00e9gant d\u00e9vidoir de ruban adh\u00e9sif vert pr\u00e9sente un design \u00e9pur\u00e9 avec des accents dor\u00e9s, ajoutant une touche d'\u00e9l\u00e9gance \u00e0 n'importe quel espace de travail. La base robuste assure la stabilit\u00e9 et le cutter permet une distribution propre et facile du ruban adh\u00e9sif. Parfait pour le bureau et la maison.<\/p>","protected":false},"featured_media":32943,"template":"","meta":[],"product_brand":[],"product_cat":[435,681],"product_tag":[],"class_list":{"0":"post-29889","1":"product","2":"type-product","3":"status-publish","4":"has-post-thumbnail","6":"product_cat-tape-dispenser","7":"product_cat-green-collection","9":"first","10":"instock","11":"shipping-taxable","12":"product-type-simple"},"_links":{"self":[{"href":"http:\/\/shinyyoustationery.com\/fr\/wp-json\/wp\/v2\/product\/29889","targetHints":{"allow":["GET"]}}],"collection":[{"href":"http:\/\/shinyyoustationery.com\/fr\/wp-json\/wp\/v2\/product"}],"about":[{"href":"http:\/\/shinyyoustationery.com\/fr\/wp-json\/wp\/v2\/types\/product"}],"version-history":[{"count":0,"href":"http:\/\/shinyyoustationery.com\/fr\/wp-json\/wp\/v2\/product\/29889\/revisions"}],"wp:featuredmedia":[{"embeddable":true,"href":"http:\/\/shinyyoustationery.com\/fr\/wp-json\/wp\/v2\/media\/32943"}],"wp:attachment":[{"href":"http:\/\/shinyyoustationery.com\/fr\/wp-json\/wp\/v2\/media?parent=29889"}],"wp:term":[{"taxonomy":"product_brand","embeddable":true,"href":"http:\/\/shinyyoustationery.com\/fr\/wp-json\/wp\/v2\/product_brand?post=29889"},{"taxonomy":"product_cat","embeddable":true,"href":"http:\/\/shinyyoustationery.com\/fr\/wp-json\/wp\/v2\/product_cat?post=29889"},{"taxonomy":"product_tag","embeddable":true,"href":"http:\/\/shinyyoustationery.com\/fr\/wp-json\/wp\/v2\/product_tag?post=29889"}],"curies":[{"name":"wp","href":"https:\/\/api.w.org\/{rel}","templated":true}]}}