{"id":29904,"date":"2025-05-20T23:54:28","date_gmt":"2025-05-21T07:54:28","guid":{"rendered":"http:\/\/45.63.70.205\/?post_type=product&#038;p=29904"},"modified":"2025-06-23T23:43:37","modified_gmt":"2025-06-24T07:43:37","slug":"wholesale-custom-wooden-30cm-ruler-with-dual-metric-and-imperial-scale","status":"publish","type":"product","link":"http:\/\/shinyyoustationery.com\/fr\/wholesale-custom-wooden-30cm-ruler-with-dual-metric-and-imperial-scale\/","title":{"rendered":"Wholesale Custom Wooden 30cm Ruler with Dual Metric and Imperial Scale (R\u00e8gle en bois de 30 cm avec double \u00e9chelle m\u00e9trique et imp\u00e9riale)"},"content":{"rendered":"","protected":false},"excerpt":{"rendered":"<p>Cette r\u00e8gle en bois de 30 cm comporte des mesures m\u00e9triques et imp\u00e9riales pour une utilisation pr\u00e9cise et polyvalente. Parfaite pour les \u00e9tudiants, les artistes ou toute personne ayant besoin de mesures pr\u00e9cises, elle est fabriqu\u00e9e en bois durable et comporte des marquages clairs pour une lecture facile. Id\u00e9ale pour l'\u00e9cole, le bureau ou les projets d'artisanat.<\/p>","protected":false},"featured_media":33286,"template":"","meta":[],"product_brand":[],"product_cat":[424,475,683],"product_tag":[],"class_list":{"0":"post-29904","1":"product","2":"type-product","3":"status-publish","4":"has-post-thumbnail","6":"product_cat-straight-ruler","7":"product_cat-rulers-measuring-tools","8":"product_cat-eco-friendly-collection","10":"first","11":"instock","12":"shipping-taxable","13":"product-type-simple"},"_links":{"self":[{"href":"http:\/\/shinyyoustationery.com\/fr\/wp-json\/wp\/v2\/product\/29904","targetHints":{"allow":["GET"]}}],"collection":[{"href":"http:\/\/shinyyoustationery.com\/fr\/wp-json\/wp\/v2\/product"}],"about":[{"href":"http:\/\/shinyyoustationery.com\/fr\/wp-json\/wp\/v2\/types\/product"}],"version-history":[{"count":0,"href":"http:\/\/shinyyoustationery.com\/fr\/wp-json\/wp\/v2\/product\/29904\/revisions"}],"wp:featuredmedia":[{"embeddable":true,"href":"http:\/\/shinyyoustationery.com\/fr\/wp-json\/wp\/v2\/media\/33286"}],"wp:attachment":[{"href":"http:\/\/shinyyoustationery.com\/fr\/wp-json\/wp\/v2\/media?parent=29904"}],"wp:term":[{"taxonomy":"product_brand","embeddable":true,"href":"http:\/\/shinyyoustationery.com\/fr\/wp-json\/wp\/v2\/product_brand?post=29904"},{"taxonomy":"product_cat","embeddable":true,"href":"http:\/\/shinyyoustationery.com\/fr\/wp-json\/wp\/v2\/product_cat?post=29904"},{"taxonomy":"product_tag","embeddable":true,"href":"http:\/\/shinyyoustationery.com\/fr\/wp-json\/wp\/v2\/product_tag?post=29904"}],"curies":[{"name":"wp","href":"https:\/\/api.w.org\/{rel}","templated":true}]}}