{"id":29918,"date":"2025-05-21T00:26:20","date_gmt":"2025-05-21T08:26:20","guid":{"rendered":"http:\/\/45.63.70.205\/?post_type=product&#038;p=29918"},"modified":"2025-06-20T02:39:31","modified_gmt":"2025-06-20T10:39:31","slug":"wholesale-custom-shiny-green-a5-notebook-with-elastic-band","status":"publish","type":"product","link":"http:\/\/shinyyoustationery.com\/fr\/wholesale-custom-shiny-green-a5-notebook-with-elastic-band\/","title":{"rendered":"Vente en gros de carnets de notes A5 verts brillants avec bande \u00e9lastique"},"content":{"rendered":"","protected":false},"excerpt":{"rendered":"<p>Ce carnet A5 accrocheur pr\u00e9sente une couverture verte vibrante et brillante, id\u00e9ale pour tous ceux qui recherchent un compagnon \u00e9l\u00e9gant et pratique pour prendre des notes ou faire des croquis. La couverture textur\u00e9e ajoute une touche de sophistication suppl\u00e9mentaire, tandis que l'\u00e9lastique assure la s\u00e9curit\u00e9 des pages. Son format compact permet de l'emporter partout, ce qui le rend id\u00e9al pour l'\u00e9cole, le travail ou la tenue d'un journal personnel.<\/p>","protected":false},"featured_media":32954,"template":"","meta":[],"product_brand":[],"product_cat":[387,494,681],"product_tag":[],"class_list":{"0":"post-29918","1":"product","2":"type-product","3":"status-publish","4":"has-post-thumbnail","6":"product_cat-notebooks-journals","7":"product_cat-composition-notebook","8":"product_cat-green-collection","10":"first","11":"instock","12":"shipping-taxable","13":"product-type-simple"},"_links":{"self":[{"href":"http:\/\/shinyyoustationery.com\/fr\/wp-json\/wp\/v2\/product\/29918","targetHints":{"allow":["GET"]}}],"collection":[{"href":"http:\/\/shinyyoustationery.com\/fr\/wp-json\/wp\/v2\/product"}],"about":[{"href":"http:\/\/shinyyoustationery.com\/fr\/wp-json\/wp\/v2\/types\/product"}],"version-history":[{"count":0,"href":"http:\/\/shinyyoustationery.com\/fr\/wp-json\/wp\/v2\/product\/29918\/revisions"}],"wp:featuredmedia":[{"embeddable":true,"href":"http:\/\/shinyyoustationery.com\/fr\/wp-json\/wp\/v2\/media\/32954"}],"wp:attachment":[{"href":"http:\/\/shinyyoustationery.com\/fr\/wp-json\/wp\/v2\/media?parent=29918"}],"wp:term":[{"taxonomy":"product_brand","embeddable":true,"href":"http:\/\/shinyyoustationery.com\/fr\/wp-json\/wp\/v2\/product_brand?post=29918"},{"taxonomy":"product_cat","embeddable":true,"href":"http:\/\/shinyyoustationery.com\/fr\/wp-json\/wp\/v2\/product_cat?post=29918"},{"taxonomy":"product_tag","embeddable":true,"href":"http:\/\/shinyyoustationery.com\/fr\/wp-json\/wp\/v2\/product_tag?post=29918"}],"curies":[{"name":"wp","href":"https:\/\/api.w.org\/{rel}","templated":true}]}}