{"id":29922,"date":"2025-05-21T00:29:47","date_gmt":"2025-05-21T08:29:47","guid":{"rendered":"http:\/\/45.63.70.205\/?post_type=product&#038;p=29922"},"modified":"2025-06-20T02:44:32","modified_gmt":"2025-06-20T10:44:32","slug":"wholesale-custom-simple-a5-hardcover-notebook-with-glossy-green-holographic-cover","status":"publish","type":"product","link":"http:\/\/shinyyoustationery.com\/fr\/wholesale-custom-simple-a5-hardcover-notebook-with-glossy-green-holographic-cover\/","title":{"rendered":"Wholesale Custom Simple A5 Hardcover Notebook with Glossy Green Holographic Cover (carnet \u00e0 couverture rigide A5 avec couverture holographique verte brillante)"},"content":{"rendered":"","protected":false},"excerpt":{"rendered":"<p>Ce carnet A5 \u00e9l\u00e9gant et minimaliste est propos\u00e9 dans une couleur verte rafra\u00eechissante, parfaite pour ceux qui aiment la simplicit\u00e9 avec une touche de couleur. Dot\u00e9 d'une couverture souple avec l'inscription \"Note Book\" imprim\u00e9e sur le devant, le design est compl\u00e9t\u00e9 par une fermeture \u00e9lastique qui maintient le carnet bien ferm\u00e9. Id\u00e9al pour noter des id\u00e9es, organiser des t\u00e2ches ou tenir un journal personnel, ce carnet compact et \u00e9l\u00e9gant est parfait pour un usage quotidien.<\/p>","protected":false},"featured_media":32955,"template":"","meta":[],"product_brand":[],"product_cat":[667,681,494],"product_tag":[],"class_list":{"0":"post-29922","1":"product","2":"type-product","3":"status-publish","4":"has-post-thumbnail","6":"product_cat-hardcover-notebook","7":"product_cat-green-collection","8":"product_cat-composition-notebook","10":"first","11":"instock","12":"shipping-taxable","13":"product-type-simple"},"_links":{"self":[{"href":"http:\/\/shinyyoustationery.com\/fr\/wp-json\/wp\/v2\/product\/29922","targetHints":{"allow":["GET"]}}],"collection":[{"href":"http:\/\/shinyyoustationery.com\/fr\/wp-json\/wp\/v2\/product"}],"about":[{"href":"http:\/\/shinyyoustationery.com\/fr\/wp-json\/wp\/v2\/types\/product"}],"version-history":[{"count":0,"href":"http:\/\/shinyyoustationery.com\/fr\/wp-json\/wp\/v2\/product\/29922\/revisions"}],"wp:featuredmedia":[{"embeddable":true,"href":"http:\/\/shinyyoustationery.com\/fr\/wp-json\/wp\/v2\/media\/32955"}],"wp:attachment":[{"href":"http:\/\/shinyyoustationery.com\/fr\/wp-json\/wp\/v2\/media?parent=29922"}],"wp:term":[{"taxonomy":"product_brand","embeddable":true,"href":"http:\/\/shinyyoustationery.com\/fr\/wp-json\/wp\/v2\/product_brand?post=29922"},{"taxonomy":"product_cat","embeddable":true,"href":"http:\/\/shinyyoustationery.com\/fr\/wp-json\/wp\/v2\/product_cat?post=29922"},{"taxonomy":"product_tag","embeddable":true,"href":"http:\/\/shinyyoustationery.com\/fr\/wp-json\/wp\/v2\/product_tag?post=29922"}],"curies":[{"name":"wp","href":"https:\/\/api.w.org\/{rel}","templated":true}]}}