{"id":29935,"date":"2025-05-21T00:36:12","date_gmt":"2025-05-21T08:36:12","guid":{"rendered":"http:\/\/45.63.70.205\/?post_type=product&#038;p=29935"},"modified":"2025-06-24T01:20:19","modified_gmt":"2025-06-24T09:20:19","slug":"wholesale-custom-hardcover-notebook-stylish-and-durable-journal-for-creative-minds","status":"publish","type":"product","link":"http:\/\/shinyyoustationery.com\/fr\/wholesale-custom-hardcover-notebook-stylish-and-durable-journal-for-creative-minds\/","title":{"rendered":"Wholesale Custom Hardcover Notebook - Journal \u00e9l\u00e9gant et durable pour les esprits cr\u00e9atifs"},"content":{"rendered":"","protected":false},"excerpt":{"rendered":"<p>Ce carnet A5 en PU \u00e0 couverture rigide, dot\u00e9 d'un design moderne bicolore et d'un lettrage \"DREAM\" gaufr\u00e9, est parfait pour capturer les id\u00e9es, les r\u00eaves et les projets. Id\u00e9al pour les \u00e9tudiants, les professionnels ou toute personne souhaitant tenir un journal cr\u00e9atif, ce carnet offre \u00e0 la fois durabilit\u00e9 et style dans un format compact. Id\u00e9al pour la prise de notes, les croquis ou comme cadeau attentionn\u00e9 pour les r\u00eaveurs de votre vie.<\/p>","protected":false},"featured_media":33318,"template":"","meta":[],"product_brand":[],"product_cat":[387,494,667,683],"product_tag":[],"class_list":{"0":"post-29935","1":"product","2":"type-product","3":"status-publish","4":"has-post-thumbnail","6":"product_cat-notebooks-journals","7":"product_cat-composition-notebook","8":"product_cat-hardcover-notebook","9":"product_cat-eco-friendly-collection","11":"first","12":"instock","13":"shipping-taxable","14":"product-type-simple"},"_links":{"self":[{"href":"http:\/\/shinyyoustationery.com\/fr\/wp-json\/wp\/v2\/product\/29935","targetHints":{"allow":["GET"]}}],"collection":[{"href":"http:\/\/shinyyoustationery.com\/fr\/wp-json\/wp\/v2\/product"}],"about":[{"href":"http:\/\/shinyyoustationery.com\/fr\/wp-json\/wp\/v2\/types\/product"}],"version-history":[{"count":0,"href":"http:\/\/shinyyoustationery.com\/fr\/wp-json\/wp\/v2\/product\/29935\/revisions"}],"wp:featuredmedia":[{"embeddable":true,"href":"http:\/\/shinyyoustationery.com\/fr\/wp-json\/wp\/v2\/media\/33318"}],"wp:attachment":[{"href":"http:\/\/shinyyoustationery.com\/fr\/wp-json\/wp\/v2\/media?parent=29935"}],"wp:term":[{"taxonomy":"product_brand","embeddable":true,"href":"http:\/\/shinyyoustationery.com\/fr\/wp-json\/wp\/v2\/product_brand?post=29935"},{"taxonomy":"product_cat","embeddable":true,"href":"http:\/\/shinyyoustationery.com\/fr\/wp-json\/wp\/v2\/product_cat?post=29935"},{"taxonomy":"product_tag","embeddable":true,"href":"http:\/\/shinyyoustationery.com\/fr\/wp-json\/wp\/v2\/product_tag?post=29935"}],"curies":[{"name":"wp","href":"https:\/\/api.w.org\/{rel}","templated":true}]}}