{"id":29946,"date":"2025-05-21T00:44:09","date_gmt":"2025-05-21T08:44:09","guid":{"rendered":"http:\/\/45.63.70.205\/?post_type=product&#038;p=29946"},"modified":"2025-06-23T00:37:07","modified_gmt":"2025-06-23T08:37:07","slug":"wholesale-custom-vibrant-lemon-printed-a5-notebook","status":"publish","type":"product","link":"http:\/\/shinyyoustationery.com\/fr\/wholesale-custom-vibrant-lemon-printed-a5-notebook\/","title":{"rendered":"Vente en gros de carnets A5 personnalis\u00e9s imprim\u00e9s au citron"},"content":{"rendered":"","protected":false},"excerpt":{"rendered":"<p>Ce carnet A5 ludique est orn\u00e9 d'un motif citron vif sur une couverture bleu pastel douce, apportant une touche de couleur \u00e0 votre exp\u00e9rience d'\u00e9criture. Le carnet est \u00e9galement dot\u00e9 d'un \u00e9lastique pour le maintenir bien ferm\u00e9, ce qui en fait un choix pratique et charmant pour le travail et les loisirs.<\/p>","protected":false},"featured_media":33105,"template":"","meta":[],"product_brand":[],"product_cat":[682,387,494],"product_tag":[],"class_list":{"0":"post-29946","1":"product","2":"type-product","3":"status-publish","4":"has-post-thumbnail","6":"product_cat-lemon-collection","7":"product_cat-notebooks-journals","8":"product_cat-composition-notebook","10":"first","11":"instock","12":"shipping-taxable","13":"product-type-simple"},"_links":{"self":[{"href":"http:\/\/shinyyoustationery.com\/fr\/wp-json\/wp\/v2\/product\/29946","targetHints":{"allow":["GET"]}}],"collection":[{"href":"http:\/\/shinyyoustationery.com\/fr\/wp-json\/wp\/v2\/product"}],"about":[{"href":"http:\/\/shinyyoustationery.com\/fr\/wp-json\/wp\/v2\/types\/product"}],"version-history":[{"count":0,"href":"http:\/\/shinyyoustationery.com\/fr\/wp-json\/wp\/v2\/product\/29946\/revisions"}],"wp:featuredmedia":[{"embeddable":true,"href":"http:\/\/shinyyoustationery.com\/fr\/wp-json\/wp\/v2\/media\/33105"}],"wp:attachment":[{"href":"http:\/\/shinyyoustationery.com\/fr\/wp-json\/wp\/v2\/media?parent=29946"}],"wp:term":[{"taxonomy":"product_brand","embeddable":true,"href":"http:\/\/shinyyoustationery.com\/fr\/wp-json\/wp\/v2\/product_brand?post=29946"},{"taxonomy":"product_cat","embeddable":true,"href":"http:\/\/shinyyoustationery.com\/fr\/wp-json\/wp\/v2\/product_cat?post=29946"},{"taxonomy":"product_tag","embeddable":true,"href":"http:\/\/shinyyoustationery.com\/fr\/wp-json\/wp\/v2\/product_tag?post=29946"}],"curies":[{"name":"wp","href":"https:\/\/api.w.org\/{rel}","templated":true}]}}