{"id":29954,"date":"2025-05-21T00:57:52","date_gmt":"2025-05-21T08:57:52","guid":{"rendered":"http:\/\/45.63.70.205\/?post_type=product&#038;p=29954"},"modified":"2025-06-23T02:28:53","modified_gmt":"2025-06-23T10:28:53","slug":"wholesale-custom-fun-and-colorful-novelty-plush-notebooks","status":"publish","type":"product","link":"http:\/\/shinyyoustationery.com\/fr\/wholesale-custom-fun-and-colorful-novelty-plush-notebooks\/","title":{"rendered":"Carnets de notes en peluche personnalis\u00e9s en gros, amusants et color\u00e9s"},"content":{"rendered":"","protected":false},"excerpt":{"rendered":"<p>Ces carnets en peluche originaux sont parfaits pour ceux qui aiment les designs uniques et accrocheurs. Chaque carnet pr\u00e9sente une texture douce et pelucheuse avec diff\u00e9rents th\u00e8mes ludiques, notamment un sapin de No\u00ebl, des imprim\u00e9s d'animaux et des motifs multicolores \u00e9clatants. Les couleurs vives et les textures amusantes font de ces carnets un moyen amusant de prendre des notes, de garder une trace de ses id\u00e9es ou simplement d'exprimer son style personnel. Id\u00e9al pour offrir ou ajouter une touche d'originalit\u00e9 \u00e0 votre bureau !<\/p>","protected":false},"featured_media":29955,"template":"","meta":[],"product_brand":[],"product_cat":[494,676,387],"product_tag":[],"class_list":{"0":"post-29954","1":"product","2":"type-product","3":"status-publish","4":"has-post-thumbnail","6":"product_cat-composition-notebook","7":"product_cat-plush-notebook","8":"product_cat-notebooks-journals","10":"first","11":"instock","12":"shipping-taxable","13":"product-type-simple"},"_links":{"self":[{"href":"http:\/\/shinyyoustationery.com\/fr\/wp-json\/wp\/v2\/product\/29954","targetHints":{"allow":["GET"]}}],"collection":[{"href":"http:\/\/shinyyoustationery.com\/fr\/wp-json\/wp\/v2\/product"}],"about":[{"href":"http:\/\/shinyyoustationery.com\/fr\/wp-json\/wp\/v2\/types\/product"}],"version-history":[{"count":0,"href":"http:\/\/shinyyoustationery.com\/fr\/wp-json\/wp\/v2\/product\/29954\/revisions"}],"wp:featuredmedia":[{"embeddable":true,"href":"http:\/\/shinyyoustationery.com\/fr\/wp-json\/wp\/v2\/media\/29955"}],"wp:attachment":[{"href":"http:\/\/shinyyoustationery.com\/fr\/wp-json\/wp\/v2\/media?parent=29954"}],"wp:term":[{"taxonomy":"product_brand","embeddable":true,"href":"http:\/\/shinyyoustationery.com\/fr\/wp-json\/wp\/v2\/product_brand?post=29954"},{"taxonomy":"product_cat","embeddable":true,"href":"http:\/\/shinyyoustationery.com\/fr\/wp-json\/wp\/v2\/product_cat?post=29954"},{"taxonomy":"product_tag","embeddable":true,"href":"http:\/\/shinyyoustationery.com\/fr\/wp-json\/wp\/v2\/product_tag?post=29954"}],"curies":[{"name":"wp","href":"https:\/\/api.w.org\/{rel}","templated":true}]}}