{"id":29959,"date":"2025-05-21T01:04:52","date_gmt":"2025-05-21T09:04:52","guid":{"rendered":"http:\/\/45.63.70.205\/?post_type=product&#038;p=29959"},"modified":"2025-06-20T02:48:40","modified_gmt":"2025-06-20T10:48:40","slug":"wholesale-custom-minimalist-weekly-planner-with-floral-accent","status":"publish","type":"product","link":"http:\/\/shinyyoustationery.com\/fr\/wholesale-custom-minimalist-weekly-planner-with-floral-accent\/","title":{"rendered":"Wholesale Custom Minimalist Weekly Planner with Floral Accent (en anglais)"},"content":{"rendered":"","protected":false},"excerpt":{"rendered":"<p>Restez organis\u00e9 gr\u00e2ce \u00e0 ce semainier simple et \u00e9l\u00e9gant. Dot\u00e9 d'une mise en page claire pour chaque jour de la semaine, il est parfait pour planifier vos t\u00e2ches et vos rendez-vous. La couverture verte orn\u00e9e d'un d\u00e9licat motif floral apporte une touche de nature rafra\u00eechissante \u00e0 votre espace de travail. Compact et facile \u00e0 transporter, cet agenda vous permet de garder le contr\u00f4le de votre emploi du temps avec style. Parfait pour tous ceux qui aiment planifier avec un design minimaliste mais charmant.<\/p>","protected":false},"featured_media":32970,"template":"","meta":[],"product_brand":[],"product_cat":[669,681],"product_tag":[],"class_list":{"0":"post-29959","1":"product","2":"type-product","3":"status-publish","4":"has-post-thumbnail","6":"product_cat-planners","7":"product_cat-green-collection","9":"first","10":"instock","11":"shipping-taxable","12":"product-type-simple"},"_links":{"self":[{"href":"http:\/\/shinyyoustationery.com\/fr\/wp-json\/wp\/v2\/product\/29959","targetHints":{"allow":["GET"]}}],"collection":[{"href":"http:\/\/shinyyoustationery.com\/fr\/wp-json\/wp\/v2\/product"}],"about":[{"href":"http:\/\/shinyyoustationery.com\/fr\/wp-json\/wp\/v2\/types\/product"}],"version-history":[{"count":0,"href":"http:\/\/shinyyoustationery.com\/fr\/wp-json\/wp\/v2\/product\/29959\/revisions"}],"wp:featuredmedia":[{"embeddable":true,"href":"http:\/\/shinyyoustationery.com\/fr\/wp-json\/wp\/v2\/media\/32970"}],"wp:attachment":[{"href":"http:\/\/shinyyoustationery.com\/fr\/wp-json\/wp\/v2\/media?parent=29959"}],"wp:term":[{"taxonomy":"product_brand","embeddable":true,"href":"http:\/\/shinyyoustationery.com\/fr\/wp-json\/wp\/v2\/product_brand?post=29959"},{"taxonomy":"product_cat","embeddable":true,"href":"http:\/\/shinyyoustationery.com\/fr\/wp-json\/wp\/v2\/product_cat?post=29959"},{"taxonomy":"product_tag","embeddable":true,"href":"http:\/\/shinyyoustationery.com\/fr\/wp-json\/wp\/v2\/product_tag?post=29959"}],"curies":[{"name":"wp","href":"https:\/\/api.w.org\/{rel}","templated":true}]}}