{"id":29963,"date":"2025-05-21T01:05:21","date_gmt":"2025-05-21T09:05:21","guid":{"rendered":"http:\/\/45.63.70.205\/?post_type=product&#038;p=29963"},"modified":"2025-06-20T03:02:57","modified_gmt":"2025-06-20T11:02:57","slug":"wholesale-custom-clover-themed-magnetic-shopping-list-notepad","status":"publish","type":"product","link":"http:\/\/shinyyoustationery.com\/fr\/wholesale-custom-clover-themed-magnetic-shopping-list-notepad\/","title":{"rendered":"Wholesale Custom Clover-Themed Magnetic Shopping List Notepad (Bloc-notes magn\u00e9tique pour liste de courses)"},"content":{"rendered":"","protected":false},"excerpt":{"rendered":"<p>Cet adorable bloc-notes vert pour la liste des courses pr\u00e9sente un charmant motif de tr\u00e8fle avec de doux accents floraux. Avec beaucoup d'espace lign\u00e9 pour organiser vos courses ou vos t\u00e2ches quotidiennes, il est \u00e0 la fois pratique et mignon. Gr\u00e2ce \u00e0 son support solide et \u00e0 son format compact, il est parfait pour \u00eatre coll\u00e9 sur le r\u00e9frig\u00e9rateur ou gliss\u00e9 dans un sac. Id\u00e9al pour tous ceux qui aiment rester organis\u00e9s avec une touche de style inspir\u00e9 de la nature.<\/p>","protected":false},"featured_media":32976,"template":"","meta":[],"product_brand":[],"product_cat":[669,681],"product_tag":[],"class_list":{"0":"post-29963","1":"product","2":"type-product","3":"status-publish","4":"has-post-thumbnail","6":"product_cat-planners","7":"product_cat-green-collection","9":"first","10":"instock","11":"shipping-taxable","12":"product-type-simple"},"_links":{"self":[{"href":"http:\/\/shinyyoustationery.com\/fr\/wp-json\/wp\/v2\/product\/29963","targetHints":{"allow":["GET"]}}],"collection":[{"href":"http:\/\/shinyyoustationery.com\/fr\/wp-json\/wp\/v2\/product"}],"about":[{"href":"http:\/\/shinyyoustationery.com\/fr\/wp-json\/wp\/v2\/types\/product"}],"version-history":[{"count":0,"href":"http:\/\/shinyyoustationery.com\/fr\/wp-json\/wp\/v2\/product\/29963\/revisions"}],"wp:featuredmedia":[{"embeddable":true,"href":"http:\/\/shinyyoustationery.com\/fr\/wp-json\/wp\/v2\/media\/32976"}],"wp:attachment":[{"href":"http:\/\/shinyyoustationery.com\/fr\/wp-json\/wp\/v2\/media?parent=29963"}],"wp:term":[{"taxonomy":"product_brand","embeddable":true,"href":"http:\/\/shinyyoustationery.com\/fr\/wp-json\/wp\/v2\/product_brand?post=29963"},{"taxonomy":"product_cat","embeddable":true,"href":"http:\/\/shinyyoustationery.com\/fr\/wp-json\/wp\/v2\/product_cat?post=29963"},{"taxonomy":"product_tag","embeddable":true,"href":"http:\/\/shinyyoustationery.com\/fr\/wp-json\/wp\/v2\/product_tag?post=29963"}],"curies":[{"name":"wp","href":"https:\/\/api.w.org\/{rel}","templated":true}]}}