{"id":29980,"date":"2025-05-21T01:28:54","date_gmt":"2025-05-21T09:28:54","guid":{"rendered":"http:\/\/45.63.70.205\/?post_type=product&#038;p=29980"},"modified":"2025-06-24T00:59:19","modified_gmt":"2025-06-24T08:59:19","slug":"wholesale-custom-a5-notebook-made-from-recycled-bottles-rainbow-stripe-design","status":"publish","type":"product","link":"http:\/\/shinyyoustationery.com\/fr\/wholesale-custom-a5-notebook-made-from-recycled-bottles-rainbow-stripe-design\/","title":{"rendered":"Vente en gros de carnets de notes A5 personnalis\u00e9s - Fabriqu\u00e9s \u00e0 partir de bouteilles recycl\u00e9es, motif de rayures arc-en-ciel"},"content":{"rendered":"","protected":false},"excerpt":{"rendered":"<p>Illuminez votre journ\u00e9e tout en aidant la plan\u00e8te gr\u00e2ce \u00e0 ce carnet \u00e0 spirales A5 fabriqu\u00e9 \u00e0 partir de bouteilles en plastique recycl\u00e9es. Dot\u00e9 de joyeuses rayures pastel vertes, bleues, violettes, roses et corail, il est aussi \u00e9l\u00e9gant que durable. L\u00e9ger et r\u00e9sistant, il est parfait pour l'\u00e9cole, le travail ou la r\u00e9daction d'un journal en d\u00e9placement. Une fa\u00e7on color\u00e9e de rester \u00e9coconscient et organis\u00e9 !<\/p>","protected":false},"featured_media":33317,"template":"","meta":[],"product_brand":[],"product_cat":[387,493,667,683],"product_tag":[],"class_list":{"0":"post-29980","1":"product","2":"type-product","3":"status-publish","4":"has-post-thumbnail","6":"product_cat-notebooks-journals","7":"product_cat-spiral-notebook","8":"product_cat-hardcover-notebook","9":"product_cat-eco-friendly-collection","11":"first","12":"instock","13":"shipping-taxable","14":"product-type-simple"},"_links":{"self":[{"href":"http:\/\/shinyyoustationery.com\/fr\/wp-json\/wp\/v2\/product\/29980","targetHints":{"allow":["GET"]}}],"collection":[{"href":"http:\/\/shinyyoustationery.com\/fr\/wp-json\/wp\/v2\/product"}],"about":[{"href":"http:\/\/shinyyoustationery.com\/fr\/wp-json\/wp\/v2\/types\/product"}],"version-history":[{"count":0,"href":"http:\/\/shinyyoustationery.com\/fr\/wp-json\/wp\/v2\/product\/29980\/revisions"}],"wp:featuredmedia":[{"embeddable":true,"href":"http:\/\/shinyyoustationery.com\/fr\/wp-json\/wp\/v2\/media\/33317"}],"wp:attachment":[{"href":"http:\/\/shinyyoustationery.com\/fr\/wp-json\/wp\/v2\/media?parent=29980"}],"wp:term":[{"taxonomy":"product_brand","embeddable":true,"href":"http:\/\/shinyyoustationery.com\/fr\/wp-json\/wp\/v2\/product_brand?post=29980"},{"taxonomy":"product_cat","embeddable":true,"href":"http:\/\/shinyyoustationery.com\/fr\/wp-json\/wp\/v2\/product_cat?post=29980"},{"taxonomy":"product_tag","embeddable":true,"href":"http:\/\/shinyyoustationery.com\/fr\/wp-json\/wp\/v2\/product_tag?post=29980"}],"curies":[{"name":"wp","href":"https:\/\/api.w.org\/{rel}","templated":true}]}}