{"id":30000,"date":"2025-05-21T01:58:41","date_gmt":"2025-05-21T09:58:41","guid":{"rendered":"http:\/\/45.63.70.205\/?post_type=product&#038;p=30000"},"modified":"2025-07-14T00:47:53","modified_gmt":"2025-07-14T08:47:53","slug":"wholesale-custom-floral-notepad-sticky-notes-organizer-set","status":"publish","type":"product","link":"http:\/\/shinyyoustationery.com\/fr\/wholesale-custom-floral-notepad-sticky-notes-organizer-set\/","title":{"rendered":"Set de bloc-notes et de notes autocollantes personnalis\u00e9 en gros"},"content":{"rendered":"","protected":false},"excerpt":{"rendered":"<p>Restez \u00e9l\u00e9gamment organis\u00e9 avec ce charmant ensemble de bloc-notes \u00e0 th\u00e8me floral. Dot\u00e9 d'une couverture \u00e0 imprim\u00e9 marguerite vert audacieux, l'organiseur pliable comprend un bloc-notes \"Liste de choses \u00e0 faire\", des notes autocollantes de diff\u00e9rentes tailles et dans des tons terreux, ainsi qu'une pochette enveloppe d\u00e9corative pour les petits objets essentiels. Parfait pour la maison, le bureau ou la planification en d\u00e9placement, cet ensemble tout-en-un donne \u00e0 la productivit\u00e9 un sentiment de fra\u00eecheur et d'inspiration.<\/p>","protected":false},"featured_media":32981,"template":"","meta":[],"product_brand":[],"product_cat":[385,402,427,675,681],"product_tag":[],"class_list":{"0":"post-30000","1":"product","2":"type-product","3":"status-publish","4":"has-post-thumbnail","6":"product_cat-sticky-note","7":"product_cat-desk-organizer-accessories","8":"product_cat-desk-organizer","9":"product_cat-school-desk-organizer","10":"product_cat-green-collection","12":"first","13":"instock","14":"featured","15":"shipping-taxable","16":"product-type-simple"},"_links":{"self":[{"href":"http:\/\/shinyyoustationery.com\/fr\/wp-json\/wp\/v2\/product\/30000","targetHints":{"allow":["GET"]}}],"collection":[{"href":"http:\/\/shinyyoustationery.com\/fr\/wp-json\/wp\/v2\/product"}],"about":[{"href":"http:\/\/shinyyoustationery.com\/fr\/wp-json\/wp\/v2\/types\/product"}],"version-history":[{"count":0,"href":"http:\/\/shinyyoustationery.com\/fr\/wp-json\/wp\/v2\/product\/30000\/revisions"}],"wp:featuredmedia":[{"embeddable":true,"href":"http:\/\/shinyyoustationery.com\/fr\/wp-json\/wp\/v2\/media\/32981"}],"wp:attachment":[{"href":"http:\/\/shinyyoustationery.com\/fr\/wp-json\/wp\/v2\/media?parent=30000"}],"wp:term":[{"taxonomy":"product_brand","embeddable":true,"href":"http:\/\/shinyyoustationery.com\/fr\/wp-json\/wp\/v2\/product_brand?post=30000"},{"taxonomy":"product_cat","embeddable":true,"href":"http:\/\/shinyyoustationery.com\/fr\/wp-json\/wp\/v2\/product_cat?post=30000"},{"taxonomy":"product_tag","embeddable":true,"href":"http:\/\/shinyyoustationery.com\/fr\/wp-json\/wp\/v2\/product_tag?post=30000"}],"curies":[{"name":"wp","href":"https:\/\/api.w.org\/{rel}","templated":true}]}}