{"id":30005,"date":"2025-05-21T02:00:00","date_gmt":"2025-05-21T10:00:00","guid":{"rendered":"http:\/\/45.63.70.205\/?post_type=product&#038;p=30005"},"modified":"2025-06-22T19:12:54","modified_gmt":"2025-06-23T03:12:54","slug":"wholesale-custom-mini-sticky-note-set","status":"publish","type":"product","link":"http:\/\/shinyyoustationery.com\/fr\/wholesale-custom-mini-sticky-note-set\/","title":{"rendered":"Set de mini notes autocollantes en gros sur mesure"},"content":{"rendered":"","protected":false},"excerpt":{"rendered":"<p>Ce set de blocs-notes compact et color\u00e9 pr\u00e9sente une couverture verte fra\u00eeche avec un motif floral minimaliste. \u00c0 l'int\u00e9rieur, vous trouverez une vari\u00e9t\u00e9 de notes autocollantes de formes et de motifs diff\u00e9rents - parfaites pour les rappels rapides, les signets et l'organisation de vos pens\u00e9es. Avec un m\u00e9lange de fleurs, de lignes et de tons terreux, ce carnet est id\u00e9al pour les \u00e9tudiants, les planificateurs et les amateurs de papeterie. Suffisamment petit pour se glisser dans n'importe quel sac ou pochette de carnet !<\/p>","protected":false},"featured_media":33015,"template":"","meta":[],"product_brand":[],"product_cat":[385,681],"product_tag":[],"class_list":{"0":"post-30005","1":"product","2":"type-product","3":"status-publish","4":"has-post-thumbnail","6":"product_cat-sticky-note","7":"product_cat-green-collection","9":"first","10":"instock","11":"shipping-taxable","12":"product-type-simple"},"_links":{"self":[{"href":"http:\/\/shinyyoustationery.com\/fr\/wp-json\/wp\/v2\/product\/30005","targetHints":{"allow":["GET"]}}],"collection":[{"href":"http:\/\/shinyyoustationery.com\/fr\/wp-json\/wp\/v2\/product"}],"about":[{"href":"http:\/\/shinyyoustationery.com\/fr\/wp-json\/wp\/v2\/types\/product"}],"version-history":[{"count":0,"href":"http:\/\/shinyyoustationery.com\/fr\/wp-json\/wp\/v2\/product\/30005\/revisions"}],"wp:featuredmedia":[{"embeddable":true,"href":"http:\/\/shinyyoustationery.com\/fr\/wp-json\/wp\/v2\/media\/33015"}],"wp:attachment":[{"href":"http:\/\/shinyyoustationery.com\/fr\/wp-json\/wp\/v2\/media?parent=30005"}],"wp:term":[{"taxonomy":"product_brand","embeddable":true,"href":"http:\/\/shinyyoustationery.com\/fr\/wp-json\/wp\/v2\/product_brand?post=30005"},{"taxonomy":"product_cat","embeddable":true,"href":"http:\/\/shinyyoustationery.com\/fr\/wp-json\/wp\/v2\/product_cat?post=30005"},{"taxonomy":"product_tag","embeddable":true,"href":"http:\/\/shinyyoustationery.com\/fr\/wp-json\/wp\/v2\/product_tag?post=30005"}],"curies":[{"name":"wp","href":"https:\/\/api.w.org\/{rel}","templated":true}]}}