{"id":30013,"date":"2025-05-21T02:07:41","date_gmt":"2025-05-21T10:07:41","guid":{"rendered":"http:\/\/45.63.70.205\/?post_type=product&#038;p=30013"},"modified":"2025-07-14T00:48:06","modified_gmt":"2025-07-14T08:48:06","slug":"wholesale-custom-lemon-themed-sticky-note-storage-box-set","status":"publish","type":"product","link":"http:\/\/shinyyoustationery.com\/fr\/wholesale-custom-lemon-themed-sticky-note-storage-box-set\/","title":{"rendered":"Vente en gros de bo\u00eetes de rangement pour notes autocollantes sur le th\u00e8me du citron"},"content":{"rendered":"","protected":false},"excerpt":{"rendered":"<p>Egayez votre bureau avec cette bo\u00eete \u00e0 notes autocollantes sur le th\u00e8me du citron ! Con\u00e7u dans des tons jaunes et bleus joyeux, cet organisateur pliable comprend des notes autocollantes et des drapeaux de diff\u00e9rentes tailles et nuances. Parfait pour les rappels rapides, l'organisation des plannings ou pour ajouter une touche de fantaisie \u00e0 votre espace de travail. Compact, color\u00e9 et fonctionnel, c'est comme un citron frais pour votre journ\u00e9e !<\/p>","protected":false},"featured_media":33109,"template":"","meta":[],"product_brand":[],"product_cat":[385,402,427,516,675,682],"product_tag":[],"class_list":{"0":"post-30013","1":"product","2":"type-product","3":"status-publish","4":"has-post-thumbnail","6":"product_cat-sticky-note","7":"product_cat-desk-organizer-accessories","8":"product_cat-desk-organizer","9":"product_cat-storage-bin-box","10":"product_cat-school-desk-organizer","11":"product_cat-lemon-collection","13":"first","14":"instock","15":"shipping-taxable","16":"product-type-simple"},"_links":{"self":[{"href":"http:\/\/shinyyoustationery.com\/fr\/wp-json\/wp\/v2\/product\/30013","targetHints":{"allow":["GET"]}}],"collection":[{"href":"http:\/\/shinyyoustationery.com\/fr\/wp-json\/wp\/v2\/product"}],"about":[{"href":"http:\/\/shinyyoustationery.com\/fr\/wp-json\/wp\/v2\/types\/product"}],"version-history":[{"count":0,"href":"http:\/\/shinyyoustationery.com\/fr\/wp-json\/wp\/v2\/product\/30013\/revisions"}],"wp:featuredmedia":[{"embeddable":true,"href":"http:\/\/shinyyoustationery.com\/fr\/wp-json\/wp\/v2\/media\/33109"}],"wp:attachment":[{"href":"http:\/\/shinyyoustationery.com\/fr\/wp-json\/wp\/v2\/media?parent=30013"}],"wp:term":[{"taxonomy":"product_brand","embeddable":true,"href":"http:\/\/shinyyoustationery.com\/fr\/wp-json\/wp\/v2\/product_brand?post=30013"},{"taxonomy":"product_cat","embeddable":true,"href":"http:\/\/shinyyoustationery.com\/fr\/wp-json\/wp\/v2\/product_cat?post=30013"},{"taxonomy":"product_tag","embeddable":true,"href":"http:\/\/shinyyoustationery.com\/fr\/wp-json\/wp\/v2\/product_tag?post=30013"}],"curies":[{"name":"wp","href":"https:\/\/api.w.org\/{rel}","templated":true}]}}