{"id":30034,"date":"2025-05-21T03:54:30","date_gmt":"2025-05-21T11:54:30","guid":{"rendered":"http:\/\/45.63.70.205\/?post_type=product&#038;p=30034"},"modified":"2025-07-07T10:57:21","modified_gmt":"2025-07-07T02:57:21","slug":"wholesale-custom-lemon-spiral-notebook-with-zipper-pouch-accessories","status":"publish","type":"product","link":"http:\/\/shinyyoustationery.com\/fr\/wholesale-custom-lemon-spiral-notebook-with-zipper-pouch-accessories\/","title":{"rendered":"Vente en gros de carnets \u00e0 spirales personnalis\u00e9s au citron avec pochette \u00e0 fermeture \u00e9clair et accessoires"},"content":{"rendered":"","protected":false},"excerpt":{"rendered":"<p>Restez brillant et organis\u00e9 gr\u00e2ce \u00e0 ce carnet \u00e0 spirales au motif citron amusant ! Il est livr\u00e9 avec une pochette transparente \u00e0 fermeture \u00e9clair remplie d'articles de papeterie assortis, notamment du ruban adh\u00e9sif washi, des notes autocollantes, une r\u00e8gle, un crayon et une pince \u00e0 reliure. La couverture r\u00e9sistante et la reliure m\u00e9tallique du carnet en font un outil id\u00e9al pour l'\u00e9cole, le journal intime ou les projets cr\u00e9atifs. Un ensemble tout-en-un rafra\u00eechissant qui ajoute une touche d'agrumes \u00e0 votre routine quotidienne !<\/p>","protected":false},"featured_media":34753,"template":"","meta":[],"product_brand":[],"product_cat":[682,331,493],"product_tag":[],"class_list":{"0":"post-30034","1":"product","2":"type-product","3":"status-publish","4":"has-post-thumbnail","6":"product_cat-lemon-collection","7":"product_cat-stationery-set","8":"product_cat-spiral-notebook","10":"first","11":"instock","12":"shipping-taxable","13":"product-type-simple"},"_links":{"self":[{"href":"http:\/\/shinyyoustationery.com\/fr\/wp-json\/wp\/v2\/product\/30034","targetHints":{"allow":["GET"]}}],"collection":[{"href":"http:\/\/shinyyoustationery.com\/fr\/wp-json\/wp\/v2\/product"}],"about":[{"href":"http:\/\/shinyyoustationery.com\/fr\/wp-json\/wp\/v2\/types\/product"}],"version-history":[{"count":0,"href":"http:\/\/shinyyoustationery.com\/fr\/wp-json\/wp\/v2\/product\/30034\/revisions"}],"wp:featuredmedia":[{"embeddable":true,"href":"http:\/\/shinyyoustationery.com\/fr\/wp-json\/wp\/v2\/media\/34753"}],"wp:attachment":[{"href":"http:\/\/shinyyoustationery.com\/fr\/wp-json\/wp\/v2\/media?parent=30034"}],"wp:term":[{"taxonomy":"product_brand","embeddable":true,"href":"http:\/\/shinyyoustationery.com\/fr\/wp-json\/wp\/v2\/product_brand?post=30034"},{"taxonomy":"product_cat","embeddable":true,"href":"http:\/\/shinyyoustationery.com\/fr\/wp-json\/wp\/v2\/product_cat?post=30034"},{"taxonomy":"product_tag","embeddable":true,"href":"http:\/\/shinyyoustationery.com\/fr\/wp-json\/wp\/v2\/product_tag?post=30034"}],"curies":[{"name":"wp","href":"https:\/\/api.w.org\/{rel}","templated":true}]}}