{"id":30038,"date":"2025-05-21T04:02:00","date_gmt":"2025-05-21T12:02:00","guid":{"rendered":"http:\/\/45.63.70.205\/?post_type=product&#038;p=30038"},"modified":"2025-06-23T18:17:39","modified_gmt":"2025-06-24T02:17:39","slug":"wholesale-custom-lemon-hardcover-notebook","status":"publish","type":"product","link":"http:\/\/shinyyoustationery.com\/fr\/wholesale-custom-lemon-hardcover-notebook\/","title":{"rendered":"Vente en gros de carnets \u00e0 couverture rigide personnalis\u00e9s en citron"},"content":{"rendered":"","protected":false},"excerpt":{"rendered":"<p>Rafra\u00eechissez votre bureau avec ce carnet \u00e0 couverture rigide aux motifs citronn\u00e9s ! Dot\u00e9 d'une couverture en PU doux au toucher, dans les tons jaune citron et bleu pastel, il est accompagn\u00e9 d'un stylo assorti, orn\u00e9 d'une breloque florale. Le rabat magn\u00e9tique assure la s\u00e9curit\u00e9 de vos notes, tandis que la boucle de stylo int\u00e9gr\u00e9e vous permet d'\u00eatre toujours pr\u00eat \u00e0 noter vos id\u00e9es. Parfait pour tenir un journal, dresser une liste ou offrir un cadeau avec une touche de style joyeux.<\/p>","protected":false},"featured_media":33113,"template":"","meta":[],"product_brand":[],"product_cat":[682,387,667],"product_tag":[],"class_list":{"0":"post-30038","1":"product","2":"type-product","3":"status-publish","4":"has-post-thumbnail","6":"product_cat-lemon-collection","7":"product_cat-notebooks-journals","8":"product_cat-hardcover-notebook","10":"first","11":"instock","12":"shipping-taxable","13":"product-type-simple"},"_links":{"self":[{"href":"http:\/\/shinyyoustationery.com\/fr\/wp-json\/wp\/v2\/product\/30038","targetHints":{"allow":["GET"]}}],"collection":[{"href":"http:\/\/shinyyoustationery.com\/fr\/wp-json\/wp\/v2\/product"}],"about":[{"href":"http:\/\/shinyyoustationery.com\/fr\/wp-json\/wp\/v2\/types\/product"}],"version-history":[{"count":0,"href":"http:\/\/shinyyoustationery.com\/fr\/wp-json\/wp\/v2\/product\/30038\/revisions"}],"wp:featuredmedia":[{"embeddable":true,"href":"http:\/\/shinyyoustationery.com\/fr\/wp-json\/wp\/v2\/media\/33113"}],"wp:attachment":[{"href":"http:\/\/shinyyoustationery.com\/fr\/wp-json\/wp\/v2\/media?parent=30038"}],"wp:term":[{"taxonomy":"product_brand","embeddable":true,"href":"http:\/\/shinyyoustationery.com\/fr\/wp-json\/wp\/v2\/product_brand?post=30038"},{"taxonomy":"product_cat","embeddable":true,"href":"http:\/\/shinyyoustationery.com\/fr\/wp-json\/wp\/v2\/product_cat?post=30038"},{"taxonomy":"product_tag","embeddable":true,"href":"http:\/\/shinyyoustationery.com\/fr\/wp-json\/wp\/v2\/product_tag?post=30038"}],"curies":[{"name":"wp","href":"https:\/\/api.w.org\/{rel}","templated":true}]}}