{"id":30106,"date":"2025-05-25T21:26:49","date_gmt":"2025-05-26T05:26:49","guid":{"rendered":"http:\/\/45.63.70.205\/?post_type=product&#038;p=30106"},"modified":"2025-06-25T22:40:52","modified_gmt":"2025-06-26T06:40:52","slug":"wholesale-custom-a5-pu-leather-journal-pink-and-black-for-office-school","status":"publish","type":"product","link":"http:\/\/shinyyoustationery.com\/fr\/wholesale-custom-a5-pu-leather-journal-pink-and-black-for-office-school\/","title":{"rendered":"Grossiste Journal personnalis\u00e9 A5 en cuir PU - Rose et noir pour le bureau et l'\u00e9cole"},"content":{"rendered":"","protected":false},"excerpt":{"rendered":"<p>Ce journal A5 en cuir PU est un choix \u00e9l\u00e9gant et pratique pour l'\u00e9cole et le bureau. Les options de couleur rose et noire en font un compl\u00e9ment amusant \u00e0 votre collection de papeterie. Dot\u00e9 d'une couverture rigide r\u00e9sistante, il est parfait pour l'\u00e9criture, la prise de notes ou la r\u00e9daction d'un journal. L'\u00e9lastique pratique garantit que vos pages restent bien en place lorsque vous \u00eates en d\u00e9placement. Id\u00e9al pour les \u00e9tudiants, les professionnels et tous ceux qui aiment organiser leurs pens\u00e9es avec une touche de couleur.<\/p>","protected":false},"featured_media":33621,"template":"","meta":[],"product_brand":[],"product_cat":[387,667,684],"product_tag":[],"class_list":{"0":"post-30106","1":"product","2":"type-product","3":"status-publish","4":"has-post-thumbnail","6":"product_cat-notebooks-journals","7":"product_cat-hardcover-notebook","8":"product_cat-fashion-collection","10":"first","11":"instock","12":"shipping-taxable","13":"product-type-simple"},"_links":{"self":[{"href":"http:\/\/shinyyoustationery.com\/fr\/wp-json\/wp\/v2\/product\/30106","targetHints":{"allow":["GET"]}}],"collection":[{"href":"http:\/\/shinyyoustationery.com\/fr\/wp-json\/wp\/v2\/product"}],"about":[{"href":"http:\/\/shinyyoustationery.com\/fr\/wp-json\/wp\/v2\/types\/product"}],"version-history":[{"count":0,"href":"http:\/\/shinyyoustationery.com\/fr\/wp-json\/wp\/v2\/product\/30106\/revisions"}],"wp:featuredmedia":[{"embeddable":true,"href":"http:\/\/shinyyoustationery.com\/fr\/wp-json\/wp\/v2\/media\/33621"}],"wp:attachment":[{"href":"http:\/\/shinyyoustationery.com\/fr\/wp-json\/wp\/v2\/media?parent=30106"}],"wp:term":[{"taxonomy":"product_brand","embeddable":true,"href":"http:\/\/shinyyoustationery.com\/fr\/wp-json\/wp\/v2\/product_brand?post=30106"},{"taxonomy":"product_cat","embeddable":true,"href":"http:\/\/shinyyoustationery.com\/fr\/wp-json\/wp\/v2\/product_cat?post=30106"},{"taxonomy":"product_tag","embeddable":true,"href":"http:\/\/shinyyoustationery.com\/fr\/wp-json\/wp\/v2\/product_tag?post=30106"}],"curies":[{"name":"wp","href":"https:\/\/api.w.org\/{rel}","templated":true}]}}