{"id":30112,"date":"2025-05-25T21:39:01","date_gmt":"2025-05-26T05:39:01","guid":{"rendered":"http:\/\/45.63.70.205\/?post_type=product&#038;p=30112"},"modified":"2025-06-25T23:25:18","modified_gmt":"2025-06-26T07:25:18","slug":"wholesale-custom-pink-a5-pu-leather-notebook-for-office-school","status":"publish","type":"product","link":"http:\/\/shinyyoustationery.com\/fr\/wholesale-custom-pink-a5-pu-leather-notebook-for-office-school\/","title":{"rendered":"Vente en gros de cahiers en cuir PU A5 rose personnalis\u00e9s pour le bureau et l'\u00e9cole"},"content":{"rendered":"","protected":false},"excerpt":{"rendered":"<p>Ce carnet de notes A5 en cuir PU pr\u00e9sente une couverture rose audacieuse avec le mot \"BLAH\" r\u00e9p\u00e9t\u00e9 dans un motif amusant et \u00e9nergique. Parfait pour le bureau, l'\u00e9cole ou un usage personnel, ce carnet offre un design l\u00e9ger et unique. Sa couverture rigide et r\u00e9sistante garantit une utilisation durable, ce qui en fait un excellent choix pour la prise de notes, la r\u00e9daction d'un journal ou l'organisation de vos pens\u00e9es avec une touche de personnalit\u00e9.<\/p>","protected":false},"featured_media":33630,"template":"","meta":[],"product_brand":[],"product_cat":[387,494,495,667,684],"product_tag":[],"class_list":{"0":"post-30112","1":"product","2":"type-product","3":"status-publish","4":"has-post-thumbnail","6":"product_cat-notebooks-journals","7":"product_cat-composition-notebook","8":"product_cat-exercise-book","9":"product_cat-hardcover-notebook","10":"product_cat-fashion-collection","12":"first","13":"instock","14":"shipping-taxable","15":"product-type-simple"},"_links":{"self":[{"href":"http:\/\/shinyyoustationery.com\/fr\/wp-json\/wp\/v2\/product\/30112","targetHints":{"allow":["GET"]}}],"collection":[{"href":"http:\/\/shinyyoustationery.com\/fr\/wp-json\/wp\/v2\/product"}],"about":[{"href":"http:\/\/shinyyoustationery.com\/fr\/wp-json\/wp\/v2\/types\/product"}],"version-history":[{"count":0,"href":"http:\/\/shinyyoustationery.com\/fr\/wp-json\/wp\/v2\/product\/30112\/revisions"}],"wp:featuredmedia":[{"embeddable":true,"href":"http:\/\/shinyyoustationery.com\/fr\/wp-json\/wp\/v2\/media\/33630"}],"wp:attachment":[{"href":"http:\/\/shinyyoustationery.com\/fr\/wp-json\/wp\/v2\/media?parent=30112"}],"wp:term":[{"taxonomy":"product_brand","embeddable":true,"href":"http:\/\/shinyyoustationery.com\/fr\/wp-json\/wp\/v2\/product_brand?post=30112"},{"taxonomy":"product_cat","embeddable":true,"href":"http:\/\/shinyyoustationery.com\/fr\/wp-json\/wp\/v2\/product_cat?post=30112"},{"taxonomy":"product_tag","embeddable":true,"href":"http:\/\/shinyyoustationery.com\/fr\/wp-json\/wp\/v2\/product_tag?post=30112"}],"curies":[{"name":"wp","href":"https:\/\/api.w.org\/{rel}","templated":true}]}}